{"id":564,"date":"2021-07-15T22:39:42","date_gmt":"2021-07-15T22:39:42","guid":{"rendered":"http:\/\/sincroniacom.org\/sincronia\/?page_id=564"},"modified":"2022-11-03T16:12:12","modified_gmt":"2022-11-03T16:12:12","slug":"proyectos","status":"publish","type":"page","link":"http:\/\/sincroniacom.org\/sincronia\/proyectos\/","title":{"rendered":"PROYECTOS"},"content":{"rendered":"<div id=\"pl-564\"  class=\"panel-layout\" ><div id=\"pg-564-0\"  class=\"panel-grid panel-has-style\" ><div class=\"siteorigin-panels-stretch panel-row-style panel-row-style-for-564-0\" data-stretch-type=\"full-stretched\" ><div id=\"pgc-564-0-0\"  class=\"panel-grid-cell\" ><div id=\"panel-564-0-0-0\" class=\"so-panel widget widget_sow-hero panel-first-child panel-last-child\" data-index=\"0\" ><div class=\"panel-widget-style panel-widget-style-for-564-0-0-0\" ><div\n\t\t\t\n\t\t\tclass=\"so-widget-sow-hero so-widget-sow-hero-default-67440917c4de-564 so-widget-fittext-wrapper\"\n\t\t\t data-fit-text-compressor=\"0.85\"\n\t\t>\t\t\t\t<div class=\"sow-slider-base\" style=\"display: none\" tabindex=\"0\">\n\t\t\t\t\t<ul\n\t\t\t\t\tclass=\"sow-slider-images\"\n\t\t\t\t\tdata-settings=\"{&quot;pagination&quot;:true,&quot;speed&quot;:800,&quot;timeout&quot;:8000,&quot;paused&quot;:false,&quot;pause_on_hover&quot;:false,&quot;swipe&quot;:true,&quot;nav_always_show_desktop&quot;:&quot;&quot;,&quot;nav_always_show_mobile&quot;:true,&quot;breakpoint&quot;:&quot;780px&quot;,&quot;unmute&quot;:false,&quot;anchor&quot;:null}\"\n\t\t\t\t\tstyle=\"min-height: 600px\"\t\t\t\t\tdata-anchor-id=\"\"\n\t\t\t\t>\t\t<li class=\"sow-slider-image  sow-slider-image-cover\" style=\"visibility: visible;;background-image: url(http:\/\/sincroniacom.org\/sincronia\/wp-content\/uploads\/2021\/07\/fotos-2-1024x683sdfsf.jpg)\" >\n\t\t\t\t\t<div class=\"sow-slider-image-container\">\n\t\t\t<div class=\"sow-slider-image-wrapper\">\n\t\t\t\t<p>&nbsp;<\/p>\n<p>&nbsp;<\/p>\n<p>&nbsp;<\/p>\n<p>&nbsp;<\/p>\n<p>&nbsp;<\/p>\n<p>&nbsp;<\/p>\n<p>&nbsp;<\/p>\n<p>&nbsp;<\/p>\n<p>&nbsp;<\/p>\n<p>&nbsp;<\/p>\n<p>&nbsp;<\/p>\n<h2 style=\"text-align: center\">PROYECTOS<\/h2>\n<p style=\"text-align: center\">\n<\/p>\t\t\t<\/div>\n\t\t<\/div>\n\t\t\t\t<\/li>\n\t\t<\/ul>\t\t\t\t<ol class=\"sow-slider-pagination\">\n\t\t\t\t\t\t\t\t\t\t\t<li><a href=\"#\" data-goto=\"0\" aria-label=\"mostrar diapositiva 1\"><\/a><\/li>\n\t\t\t\t\t\t\t\t\t<\/ol>\n\n\t\t\t\t<div class=\"sow-slide-nav sow-slide-nav-next\">\n\t\t\t\t\t<a href=\"#\" data-goto=\"next\" aria-label=\"diapositiva siguiente\" data-action=\"next\">\n\t\t\t\t\t\t<em class=\"sow-sld-icon-thin-right\"><\/em>\n\t\t\t\t\t<\/a>\n\t\t\t\t<\/div>\n\n\t\t\t\t<div class=\"sow-slide-nav sow-slide-nav-prev\">\n\t\t\t\t\t<a href=\"#\" data-goto=\"previous\" aria-label=\"diapositiva anterior\" data-action=\"prev\">\n\t\t\t\t\t\t<em class=\"sow-sld-icon-thin-left\"><\/em>\n\t\t\t\t\t<\/a>\n\t\t\t\t<\/div>\n\t\t\t\t<\/div><\/div><\/div><\/div><\/div><\/div><\/div><div id=\"pg-564-1\"  class=\"panel-grid panel-has-style\" ><div class=\"siteorigin-panels-stretch panel-row-style panel-row-style-for-564-1\" data-stretch-type=\"full\" ><div id=\"pgc-564-1-0\"  class=\"panel-grid-cell\" ><div id=\"panel-564-1-0-0\" class=\"so-panel widget widget_search panel-first-child panel-last-child\" data-index=\"1\" >\n<form role=\"search\" method=\"get\" class=\"form-search\" action=\"http:\/\/sincroniacom.org\/sincronia\/\">\n  <div class=\"input-group\">\n\t  <label class=\"screen-reader-text\" for=\"s\">Buscar:<\/label>\n\t<input type=\"text\" class=\"form-control search-query\" placeholder=\"Buscar&hellip;\" value=\"\" name=\"s\" title=\"Buscar:\" \/>\n\t<span class=\"input-group-btn\">\n\t  <button type=\"submit\" class=\"btn btn-default\" name=\"submit\" id=\"searchsubmit\" value=\"Buscar\"><span class=\"glyphicon glyphicon-search\"><\/span><\/button>\n\t<\/span>\n  <\/div>\n<\/form>\n<\/div><\/div><div id=\"pgc-564-1-1\"  class=\"panel-grid-cell panel-grid-cell-empty\" ><\/div><div id=\"pgc-564-1-2\"  class=\"panel-grid-cell\" ><div id=\"panel-564-1-2-0\" class=\"so-panel widget widget_sow-social-media-buttons panel-first-child panel-last-child\" data-index=\"2\" ><div\n\t\t\t\n\t\t\tclass=\"so-widget-sow-social-media-buttons so-widget-sow-social-media-buttons-flat-86d4c6e9066a-564\"\n\t\t\t\n\t\t>\n\n<div class=\"social-media-button-container\">\n\t\n\t\t<a \n\t\tclass=\"ow-button-hover sow-social-media-button-facebook-0 sow-social-media-button\" title=\"Sincronia-Guatemala en Facebook\" aria-label=\"Sincronia-Guatemala en Facebook\" target=\"_blank\" rel=\"noopener noreferrer\" href=\"https:\/\/www.facebook.com\/Sincronia-Guatemala-152355891468071\" \t\t>\n\t\t\t<span>\n\t\t\t\t\t\t\t\t<span class=\"sow-icon-fontawesome sow-fab\" data-sow-icon=\"&#xf39e;\"\n\t\t \n\t\taria-hidden=\"true\"><\/span>\t\t\t\t\t\t\t<\/span>\n\t\t<\/a>\n\t\n\t\t<a \n\t\tclass=\"ow-button-hover sow-social-media-button-instagram-0 sow-social-media-button\" title=\"Sincronia-Guatemala en Instagram\" aria-label=\"Sincronia-Guatemala en Instagram\" target=\"_blank\" rel=\"noopener noreferrer\" href=\"https:\/\/instagram.com\/\" \t\t>\n\t\t\t<span>\n\t\t\t\t\t\t\t\t<span class=\"sow-icon-fontawesome sow-fab\" data-sow-icon=\"&#xf16d;\"\n\t\t \n\t\taria-hidden=\"true\"><\/span>\t\t\t\t\t\t\t<\/span>\n\t\t<\/a>\n\t\n\t\t<a \n\t\tclass=\"ow-button-hover sow-social-media-button-phone-0 sow-social-media-button\" title=\"Phone Sincronia-Guatemala\" aria-label=\"Phone Sincronia-Guatemala\" href=\"tel:5645647\" \t\t>\n\t\t\t<span>\n\t\t\t\t\t\t\t\t<span class=\"sow-icon-fontawesome sow-fas\" data-sow-icon=\"&#xf095;\"\n\t\t \n\t\taria-hidden=\"true\"><\/span>\t\t\t\t\t\t\t<\/span>\n\t\t<\/a>\n\t<\/div>\n<\/div><\/div><\/div><\/div><\/div><div id=\"pg-564-2\"  class=\"panel-grid panel-has-style\" ><div class=\"siteorigin-panels-stretch panel-row-style panel-row-style-for-564-2\" data-stretch-type=\"full\" ><div id=\"pgc-564-2-0\"  class=\"panel-grid-cell\" ><div id=\"panel-564-2-0-0\" class=\"so-panel widget widget_sow-hero panel-first-child\" data-index=\"3\" ><div class=\"panel-widget-style panel-widget-style-for-564-2-0-0\" ><div\n\t\t\t\n\t\t\tclass=\"so-widget-sow-hero so-widget-sow-hero-default-aa7123b3c3d2-564 so-widget-fittext-wrapper\"\n\t\t\t data-fit-text-compressor=\"0.85\"\n\t\t>\t\t\t\t<div class=\"sow-slider-base\" style=\"display: none\" tabindex=\"0\">\n\t\t\t\t\t<ul\n\t\t\t\t\tclass=\"sow-slider-images\"\n\t\t\t\t\tdata-settings=\"{&quot;pagination&quot;:true,&quot;speed&quot;:800,&quot;timeout&quot;:8000,&quot;paused&quot;:false,&quot;pause_on_hover&quot;:false,&quot;swipe&quot;:true,&quot;nav_always_show_desktop&quot;:&quot;&quot;,&quot;nav_always_show_mobile&quot;:true,&quot;breakpoint&quot;:&quot;780px&quot;,&quot;unmute&quot;:false,&quot;anchor&quot;:null}\"\n\t\t\t\t\tstyle=\"min-height: 600px\"\t\t\t\t\tdata-anchor-id=\"\"\n\t\t\t\t>\t\t<li class=\"sow-slider-image\" style=\"visibility: visible;\" >\n\t\t\t\t\t<div class=\"sow-slider-image-container\">\n\t\t\t<div class=\"sow-slider-image-wrapper\">\n\t\t\t\t<h2 style=\"text-align: center\"><img loading=\"lazy\" decoding=\"async\" class=\"alignnone wp-image-261 size-large\" src=\"http:\/\/sincroniacom.org\/sincronia\/wp-content\/uploads\/2021\/02\/sombra-1024x110.png\" alt=\"\" width=\"648\" height=\"70\" srcset=\"http:\/\/sincroniacom.org\/sincronia\/wp-content\/uploads\/2021\/02\/sombra-1024x110.png 1024w, http:\/\/sincroniacom.org\/sincronia\/wp-content\/uploads\/2021\/02\/sombra-300x32.png 300w, http:\/\/sincroniacom.org\/sincronia\/wp-content\/uploads\/2021\/02\/sombra-768x83.png 768w, http:\/\/sincroniacom.org\/sincronia\/wp-content\/uploads\/2021\/02\/sombra-1536x165.png 1536w, http:\/\/sincroniacom.org\/sincronia\/wp-content\/uploads\/2021\/02\/sombra.png 2048w\" sizes=\"auto, (max-width: 648px) 100vw, 648px\" \/><\/h2>\n<h2 style=\"text-align: center\">Nosotros<\/h2>\n<p><img loading=\"lazy\" decoding=\"async\" class=\"size-medium wp-image-8 aligncenter\" src=\"http:\/\/sincroniacom.org\/sincronia\/wp-content\/uploads\/2021\/01\/cropped-logo-1-300x93.jpg\" alt=\"\" width=\"300\" height=\"93\" srcset=\"http:\/\/sincroniacom.org\/sincronia\/wp-content\/uploads\/2021\/01\/cropped-logo-1-300x93.jpg 300w, http:\/\/sincroniacom.org\/sincronia\/wp-content\/uploads\/2021\/01\/cropped-logo-1.jpg 323w\" sizes=\"auto, (max-width: 300px) 100vw, 300px\" \/><\/p>\n<p style=\"text-align: left\"><span style=\"color: #808080\">Sincr\u00f3nia, Sociedad An\u00f3nima, es una Organizaci\u00f3n Privada para el Desarrollo que opera desde 1999, implementado, asesorando y acompa\u00f1ando proyectos de desarrollo en diversas \u00e1reas, en participando enci\u00f3n de programas y proyectos de cooperaci\u00f3n internacional, sector gubernamental y organizaciones no gubernamentales nacionales e internacionales.<\/span><\/p>\n\t\t\t<\/div>\n\t\t<\/div>\n\t\t\t\t<\/li>\n\t\t<\/ul>\t\t\t\t<ol class=\"sow-slider-pagination\">\n\t\t\t\t\t\t\t\t\t\t\t<li><a href=\"#\" data-goto=\"0\" aria-label=\"mostrar diapositiva 1\"><\/a><\/li>\n\t\t\t\t\t\t\t\t\t<\/ol>\n\n\t\t\t\t<div class=\"sow-slide-nav sow-slide-nav-next\">\n\t\t\t\t\t<a href=\"#\" data-goto=\"next\" aria-label=\"diapositiva siguiente\" data-action=\"next\">\n\t\t\t\t\t\t<em class=\"sow-sld-icon-thin-right\"><\/em>\n\t\t\t\t\t<\/a>\n\t\t\t\t<\/div>\n\n\t\t\t\t<div class=\"sow-slide-nav sow-slide-nav-prev\">\n\t\t\t\t\t<a href=\"#\" data-goto=\"previous\" aria-label=\"diapositiva anterior\" data-action=\"prev\">\n\t\t\t\t\t\t<em class=\"sow-sld-icon-thin-left\"><\/em>\n\t\t\t\t\t<\/a>\n\t\t\t\t<\/div>\n\t\t\t\t<\/div><\/div><\/div><\/div><div id=\"panel-564-2-0-1\" class=\"so-panel widget widget_sow-hero\" data-index=\"4\" ><div class=\"panel-widget-style panel-widget-style-for-564-2-0-1\" ><div\n\t\t\t\n\t\t\tclass=\"so-widget-sow-hero so-widget-sow-hero-default-aa7123b3c3d2-564 so-widget-fittext-wrapper\"\n\t\t\t data-fit-text-compressor=\"0.85\"\n\t\t>\t\t\t\t<div class=\"sow-slider-base\" style=\"display: none\" tabindex=\"0\">\n\t\t\t\t\t<ul\n\t\t\t\t\tclass=\"sow-slider-images\"\n\t\t\t\t\tdata-settings=\"{&quot;pagination&quot;:true,&quot;speed&quot;:800,&quot;timeout&quot;:8000,&quot;paused&quot;:false,&quot;pause_on_hover&quot;:false,&quot;swipe&quot;:true,&quot;nav_always_show_desktop&quot;:&quot;&quot;,&quot;nav_always_show_mobile&quot;:true,&quot;breakpoint&quot;:&quot;780px&quot;,&quot;unmute&quot;:false,&quot;anchor&quot;:null}\"\n\t\t\t\t\tstyle=\"min-height: 600px\"\t\t\t\t\tdata-anchor-id=\"\"\n\t\t\t\t>\t\t<li class=\"sow-slider-image\" style=\"visibility: visible;\" >\n\t\t\t\t\t<div class=\"sow-slider-image-container\">\n\t\t\t<div class=\"sow-slider-image-wrapper\">\n\t\t\t\t<h1><span style=\"font-weight: 400;color: #800080\">\u00bfEn qu\u00e9 creemos?\u00a0<\/span><\/h1>\n<p><span style=\"font-weight: 400;color: #808080\">Nuestra filosof\u00eda empresarial se basa en el respeto a las diferentes culturas, a la igualdad y equidad de g\u00e9nero, los derechos humanos y, el desarrollo integral sostenible, asumiendo responsabilidad social para trabajar con y para personas sujetos de derechos.<\/span><\/p>\n<p>&nbsp;<\/p>\n<p style=\"text-align: center\">\n<\/p>\t\t\t<\/div>\n\t\t<\/div>\n\t\t\t\t<\/li>\n\t\t<\/ul>\t\t\t\t<ol class=\"sow-slider-pagination\">\n\t\t\t\t\t\t\t\t\t\t\t<li><a href=\"#\" data-goto=\"0\" aria-label=\"mostrar diapositiva 1\"><\/a><\/li>\n\t\t\t\t\t\t\t\t\t<\/ol>\n\n\t\t\t\t<div class=\"sow-slide-nav sow-slide-nav-next\">\n\t\t\t\t\t<a href=\"#\" data-goto=\"next\" aria-label=\"diapositiva siguiente\" data-action=\"next\">\n\t\t\t\t\t\t<em class=\"sow-sld-icon-thin-right\"><\/em>\n\t\t\t\t\t<\/a>\n\t\t\t\t<\/div>\n\n\t\t\t\t<div class=\"sow-slide-nav sow-slide-nav-prev\">\n\t\t\t\t\t<a href=\"#\" data-goto=\"previous\" aria-label=\"diapositiva anterior\" data-action=\"prev\">\n\t\t\t\t\t\t<em class=\"sow-sld-icon-thin-left\"><\/em>\n\t\t\t\t\t<\/a>\n\t\t\t\t<\/div>\n\t\t\t\t<\/div><\/div><\/div><\/div><div id=\"panel-564-2-0-2\" class=\"so-panel widget widget_sow-hero\" data-index=\"5\" ><div class=\"panel-widget-style panel-widget-style-for-564-2-0-2\" ><div\n\t\t\t\n\t\t\tclass=\"so-widget-sow-hero so-widget-sow-hero-default-aa7123b3c3d2-564 so-widget-fittext-wrapper\"\n\t\t\t data-fit-text-compressor=\"0.85\"\n\t\t>\t\t\t\t<div class=\"sow-slider-base\" style=\"display: none\" tabindex=\"0\">\n\t\t\t\t\t<ul\n\t\t\t\t\tclass=\"sow-slider-images\"\n\t\t\t\t\tdata-settings=\"{&quot;pagination&quot;:true,&quot;speed&quot;:800,&quot;timeout&quot;:8000,&quot;paused&quot;:false,&quot;pause_on_hover&quot;:false,&quot;swipe&quot;:true,&quot;nav_always_show_desktop&quot;:&quot;&quot;,&quot;nav_always_show_mobile&quot;:true,&quot;breakpoint&quot;:&quot;780px&quot;,&quot;unmute&quot;:false,&quot;anchor&quot;:null}\"\n\t\t\t\t\tstyle=\"min-height: 600px\"\t\t\t\t\tdata-anchor-id=\"\"\n\t\t\t\t>\t\t<li class=\"sow-slider-image\" style=\"visibility: visible;\" >\n\t\t\t\t\t<div class=\"sow-slider-image-container\">\n\t\t\t<div class=\"sow-slider-image-wrapper\">\n\t\t\t\t<h1><span style=\"font-weight: 400;color: #800080\">\u00bfEn qu\u00e9 creemos?\u00a0<\/span><\/h1>\n<p><span style=\"font-weight: 400;color: #808080\">Nuestra filosof\u00eda empresarial se basa en el respeto a las diferentes culturas, a la igualdad y equidad de g\u00e9nero, los derechos humanos y, el desarrollo integral sostenible, asumiendo responsabilidad social para trabajar con y para personas sujetos de derechos.<\/span><\/p>\n<p>&nbsp;<\/p>\n<p style=\"text-align: center\">\n<\/p>\t\t\t<\/div>\n\t\t<\/div>\n\t\t\t\t<\/li>\n\t\t<\/ul>\t\t\t\t<ol class=\"sow-slider-pagination\">\n\t\t\t\t\t\t\t\t\t\t\t<li><a href=\"#\" data-goto=\"0\" aria-label=\"mostrar diapositiva 1\"><\/a><\/li>\n\t\t\t\t\t\t\t\t\t<\/ol>\n\n\t\t\t\t<div class=\"sow-slide-nav sow-slide-nav-next\">\n\t\t\t\t\t<a href=\"#\" data-goto=\"next\" aria-label=\"diapositiva siguiente\" data-action=\"next\">\n\t\t\t\t\t\t<em class=\"sow-sld-icon-thin-right\"><\/em>\n\t\t\t\t\t<\/a>\n\t\t\t\t<\/div>\n\n\t\t\t\t<div class=\"sow-slide-nav sow-slide-nav-prev\">\n\t\t\t\t\t<a href=\"#\" data-goto=\"previous\" aria-label=\"diapositiva anterior\" data-action=\"prev\">\n\t\t\t\t\t\t<em class=\"sow-sld-icon-thin-left\"><\/em>\n\t\t\t\t\t<\/a>\n\t\t\t\t<\/div>\n\t\t\t\t<\/div><\/div><\/div><\/div><div id=\"panel-564-2-0-3\" class=\"so-panel widget widget_sow-hero panel-last-child\" data-index=\"6\" ><div class=\"panel-widget-style panel-widget-style-for-564-2-0-3\" ><div\n\t\t\t\n\t\t\tclass=\"so-widget-sow-hero so-widget-sow-hero-default-aa7123b3c3d2-564 so-widget-fittext-wrapper\"\n\t\t\t data-fit-text-compressor=\"0.85\"\n\t\t>\t\t\t\t<div class=\"sow-slider-base\" style=\"display: none\" tabindex=\"0\">\n\t\t\t\t\t<ul\n\t\t\t\t\tclass=\"sow-slider-images\"\n\t\t\t\t\tdata-settings=\"{&quot;pagination&quot;:true,&quot;speed&quot;:800,&quot;timeout&quot;:8000,&quot;paused&quot;:false,&quot;pause_on_hover&quot;:false,&quot;swipe&quot;:true,&quot;nav_always_show_desktop&quot;:&quot;&quot;,&quot;nav_always_show_mobile&quot;:true,&quot;breakpoint&quot;:&quot;780px&quot;,&quot;unmute&quot;:false,&quot;anchor&quot;:null}\"\n\t\t\t\t\tstyle=\"min-height: 600px\"\t\t\t\t\tdata-anchor-id=\"\"\n\t\t\t\t>\t\t<li class=\"sow-slider-image\" style=\"visibility: visible;\" >\n\t\t\t\t\t<div class=\"sow-slider-image-container\">\n\t\t\t<div class=\"sow-slider-image-wrapper\">\n\t\t\t\t<h1><span style=\"font-weight: 400;color: #800080\">\u00bfEn qu\u00e9 creemos?\u00a0<\/span><\/h1>\n<p><span style=\"font-weight: 400;color: #808080\">Nuestra filosof\u00eda empresarial se basa en el respeto a las diferentes culturas, a la igualdad y equidad de g\u00e9nero, los derechos humanos y, el desarrollo integral sostenible, asumiendo responsabilidad social para trabajar con y para personas sujetos de derechos.<\/span><\/p>\n<p>&nbsp;<\/p>\n<p style=\"text-align: center\">\n<\/p>\t\t\t<\/div>\n\t\t<\/div>\n\t\t\t\t<\/li>\n\t\t<\/ul>\t\t\t\t<ol class=\"sow-slider-pagination\">\n\t\t\t\t\t\t\t\t\t\t\t<li><a href=\"#\" data-goto=\"0\" aria-label=\"mostrar diapositiva 1\"><\/a><\/li>\n\t\t\t\t\t\t\t\t\t<\/ol>\n\n\t\t\t\t<div class=\"sow-slide-nav sow-slide-nav-next\">\n\t\t\t\t\t<a href=\"#\" data-goto=\"next\" aria-label=\"diapositiva siguiente\" data-action=\"next\">\n\t\t\t\t\t\t<em class=\"sow-sld-icon-thin-right\"><\/em>\n\t\t\t\t\t<\/a>\n\t\t\t\t<\/div>\n\n\t\t\t\t<div class=\"sow-slide-nav sow-slide-nav-prev\">\n\t\t\t\t\t<a href=\"#\" data-goto=\"previous\" aria-label=\"diapositiva anterior\" data-action=\"prev\">\n\t\t\t\t\t\t<em class=\"sow-sld-icon-thin-left\"><\/em>\n\t\t\t\t\t<\/a>\n\t\t\t\t<\/div>\n\t\t\t\t<\/div><\/div><\/div><\/div><\/div><\/div><\/div><div id=\"pg-564-3\"  class=\"panel-grid panel-has-style\" ><div class=\"siteorigin-panels-stretch panel-row-style panel-row-style-for-564-3\" data-stretch-type=\"full-stretched\" ><div id=\"pgc-564-3-0\"  class=\"panel-grid-cell\" ><div id=\"panel-564-3-0-0\" class=\"so-panel widget widget_sow-hero panel-first-child panel-last-child\" data-index=\"7\" ><div\n\t\t\t\n\t\t\tclass=\"so-widget-sow-hero so-widget-sow-hero-default-c62e43f862e0-564 so-widget-fittext-wrapper\"\n\t\t\t data-fit-text-compressor=\"0.85\"\n\t\t>\t\t\t\t<div class=\"sow-slider-base\" style=\"display: none\" tabindex=\"0\">\n\t\t\t\t\t<ul\n\t\t\t\t\tclass=\"sow-slider-images\"\n\t\t\t\t\tdata-settings=\"{&quot;pagination&quot;:true,&quot;speed&quot;:800,&quot;timeout&quot;:8000,&quot;paused&quot;:false,&quot;pause_on_hover&quot;:false,&quot;swipe&quot;:true,&quot;nav_always_show_desktop&quot;:&quot;&quot;,&quot;nav_always_show_mobile&quot;:true,&quot;breakpoint&quot;:&quot;780px&quot;,&quot;unmute&quot;:false,&quot;anchor&quot;:null}\"\n\t\t\t\t\tstyle=\"min-height: 600px\"\t\t\t\t\tdata-anchor-id=\"\"\n\t\t\t\t>\t\t<li class=\"sow-slider-image\" style=\"visibility: visible;\" >\n\t\t\t\t\t<div class=\"sow-slider-image-container\">\n\t\t\t<div class=\"sow-slider-image-wrapper\">\n\t\t\t\t<h2 style=\"text-align: center\"><span style=\"color: #600a8f\"><img loading=\"lazy\" decoding=\"async\" class=\"alignnone wp-image-261 size-large\" src=\"http:\/\/sincroniacom.org\/sincronia\/wp-content\/uploads\/2021\/02\/sombra-1024x110.png\" alt=\"\" width=\"648\" height=\"70\" srcset=\"http:\/\/sincroniacom.org\/sincronia\/wp-content\/uploads\/2021\/02\/sombra-1024x110.png 1024w, http:\/\/sincroniacom.org\/sincronia\/wp-content\/uploads\/2021\/02\/sombra-300x32.png 300w, http:\/\/sincroniacom.org\/sincronia\/wp-content\/uploads\/2021\/02\/sombra-768x83.png 768w, http:\/\/sincroniacom.org\/sincronia\/wp-content\/uploads\/2021\/02\/sombra-1536x165.png 1536w, http:\/\/sincroniacom.org\/sincronia\/wp-content\/uploads\/2021\/02\/sombra.png 2048w\" sizes=\"auto, (max-width: 648px) 100vw, 648px\" \/><\/span><\/h2>\n<h2 style=\"text-align: center\"><span style=\"color: #600a8f\">Como Trabajamos<\/span><\/h2>\n<h3 style=\"text-align: center\"><span style=\"color: #777677\">COPERACI\u00d3N INERNACIONAL<\/span><\/h3>\n<p><img loading=\"lazy\" decoding=\"async\" class=\"aligncenter wp-image-247 size-full\" src=\"http:\/\/sincroniacom.org\/sincronia\/wp-content\/uploads\/2021\/02\/logos-sincronia.png\" alt=\"\" width=\"900\" height=\"105\" srcset=\"http:\/\/sincroniacom.org\/sincronia\/wp-content\/uploads\/2021\/02\/logos-sincronia.png 900w, http:\/\/sincroniacom.org\/sincronia\/wp-content\/uploads\/2021\/02\/logos-sincronia-300x35.png 300w, http:\/\/sincroniacom.org\/sincronia\/wp-content\/uploads\/2021\/02\/logos-sincronia-768x90.png 768w\" sizes=\"auto, (max-width: 900px) 100vw, 900px\" \/><\/p>\n<div class=\"sow-hero-buttons\" style=\"text-align: center\"><div\n\t\t\t\n\t\t\tclass=\"so-widget-sow-button so-widget-sow-button-flat-a73d8ee2767a\"\n\t\t\t\n\t\t><div class=\"ow-button-base ow-button-align-center\"\n>\n\t\t\t<a\n\t\t\t\t\thref=\"http:\/\/sincroniacom.org\/sincronia\/socios\/\"\n\t\t\t\t\tclass=\"sowb-button ow-icon-placement-right ow-button-hover\" \t>\n\t\t<span>\n\t\t\t\n\t\t\tLeer M\u00e1s\t\t<\/span>\n\t\t\t<\/a>\n\t<\/div>\n<\/div><\/div>\n\t\t\t<\/div>\n\t\t<\/div>\n\t\t\t\t<\/li>\n\t\t<\/ul>\t\t\t\t<ol class=\"sow-slider-pagination\">\n\t\t\t\t\t\t\t\t\t\t\t<li><a href=\"#\" data-goto=\"0\" aria-label=\"mostrar diapositiva 1\"><\/a><\/li>\n\t\t\t\t\t\t\t\t\t<\/ol>\n\n\t\t\t\t<div class=\"sow-slide-nav sow-slide-nav-next\">\n\t\t\t\t\t<a href=\"#\" data-goto=\"next\" aria-label=\"diapositiva siguiente\" data-action=\"next\">\n\t\t\t\t\t\t<em class=\"sow-sld-icon-thin-right\"><\/em>\n\t\t\t\t\t<\/a>\n\t\t\t\t<\/div>\n\n\t\t\t\t<div class=\"sow-slide-nav sow-slide-nav-prev\">\n\t\t\t\t\t<a href=\"#\" data-goto=\"previous\" aria-label=\"diapositiva anterior\" data-action=\"prev\">\n\t\t\t\t\t\t<em class=\"sow-sld-icon-thin-left\"><\/em>\n\t\t\t\t\t<\/a>\n\t\t\t\t<\/div>\n\t\t\t\t<\/div><\/div><\/div><\/div><\/div><\/div><div id=\"pg-564-4\"  class=\"panel-grid panel-has-style\" ><div class=\"siteorigin-panels-stretch panel-row-style panel-row-style-for-564-4\" data-stretch-type=\"full-stretched\" ><div id=\"pgc-564-4-0\"  class=\"panel-grid-cell\" ><div id=\"panel-564-4-0-0\" class=\"so-panel widget widget_sow-hero panel-first-child panel-last-child\" data-index=\"8\" ><div class=\"panel-widget-style panel-widget-style-for-564-4-0-0\" ><div\n\t\t\t\n\t\t\tclass=\"so-widget-sow-hero so-widget-sow-hero-default-67440917c4de-564 so-widget-fittext-wrapper\"\n\t\t\t data-fit-text-compressor=\"0.85\"\n\t\t>\t\t\t\t<div class=\"sow-slider-base\" style=\"display: none\" tabindex=\"0\">\n\t\t\t\t\t<ul\n\t\t\t\t\tclass=\"sow-slider-images\"\n\t\t\t\t\tdata-settings=\"{&quot;pagination&quot;:true,&quot;speed&quot;:800,&quot;timeout&quot;:8000,&quot;paused&quot;:false,&quot;pause_on_hover&quot;:false,&quot;swipe&quot;:true,&quot;nav_always_show_desktop&quot;:&quot;&quot;,&quot;nav_always_show_mobile&quot;:true,&quot;breakpoint&quot;:&quot;780px&quot;,&quot;unmute&quot;:false,&quot;anchor&quot;:null}\"\n\t\t\t\t\tstyle=\"min-height: 600px\"\t\t\t\t\tdata-anchor-id=\"\"\n\t\t\t\t>\t\t<li class=\"sow-slider-image\" style=\"visibility: visible;;background-color: #621b8c\" >\n\t\t\t\t\t<div class=\"sow-slider-image-container\">\n\t\t\t<div class=\"sow-slider-image-wrapper\">\n\t\t\t\t<p>&nbsp;<\/p>\n<p>&nbsp;<\/p>\n<p>&nbsp;<\/p>\n<p>&nbsp;<\/p>\n<p>&nbsp;<\/p>\n<p>&nbsp;<\/p>\n<p>&nbsp;<\/p>\n<p>&nbsp;<\/p>\n<h2 style=\"text-align: center\">Salud es Desarrollo<\/h2>\n<div class=\"sow-hero-buttons\" style=\"text-align: center\"><div\n\t\t\t\n\t\t\tclass=\"so-widget-sow-button so-widget-sow-button-flat-a73d8ee2767a\"\n\t\t\t\n\t\t><div class=\"ow-button-base ow-button-align-center\"\n>\n\t\t\t<a\n\t\t\t\t\thref=\"http:\/\/sincroniacom.org\/sincronia\/proyectos\/\"\n\t\t\t\t\tclass=\"sowb-button ow-icon-placement-right ow-button-hover\" \t>\n\t\t<span>\n\t\t\t\n\t\t\tProyectos\t\t<\/span>\n\t\t\t<\/a>\n\t<\/div>\n<\/div><\/div>\n\t\t\t<\/div>\n\t\t<\/div>\n\t\t\t\t<\/li>\n\t\t<\/ul>\t\t\t\t<ol class=\"sow-slider-pagination\">\n\t\t\t\t\t\t\t\t\t\t\t<li><a href=\"#\" data-goto=\"0\" aria-label=\"mostrar diapositiva 1\"><\/a><\/li>\n\t\t\t\t\t\t\t\t\t<\/ol>\n\n\t\t\t\t<div class=\"sow-slide-nav sow-slide-nav-next\">\n\t\t\t\t\t<a href=\"#\" data-goto=\"next\" aria-label=\"diapositiva siguiente\" data-action=\"next\">\n\t\t\t\t\t\t<em class=\"sow-sld-icon-thin-right\"><\/em>\n\t\t\t\t\t<\/a>\n\t\t\t\t<\/div>\n\n\t\t\t\t<div class=\"sow-slide-nav sow-slide-nav-prev\">\n\t\t\t\t\t<a href=\"#\" data-goto=\"previous\" aria-label=\"diapositiva anterior\" data-action=\"prev\">\n\t\t\t\t\t\t<em class=\"sow-sld-icon-thin-left\"><\/em>\n\t\t\t\t\t<\/a>\n\t\t\t\t<\/div>\n\t\t\t\t<\/div><\/div><\/div><\/div><\/div><\/div><\/div><div id=\"pg-564-5\"  class=\"panel-grid panel-has-style\" ><div class=\"siteorigin-panels-stretch panel-row-style panel-row-style-for-564-5\" data-stretch-type=\"full-stretched\" ><div id=\"pgc-564-5-0\"  class=\"panel-grid-cell\" ><div id=\"panel-564-5-0-0\" class=\"so-panel widget widget_sow-editor panel-first-child panel-last-child\" data-index=\"9\" ><div\n\t\t\t\n\t\t\tclass=\"so-widget-sow-editor so-widget-sow-editor-base\"\n\t\t\t\n\t\t>\n<div class=\"siteorigin-widget-tinymce textwidget\">\n\t<p><iframe loading=\"lazy\" src=\"https:\/\/www.google.com\/maps\/embed?pb=!1m18!1m12!1m3!1d15442.862028735502!2d-90.51506117190043!3d14.615275636688764!2m3!1f0!2f0!3f0!3m2!1i1024!2i768!4f13.1!3m3!1m2!1s0x8589a3cc557510a7%3A0xf8403990c313ce99!2sMinisterio%20de%20Educaci%C3%B3n!5e0!3m2!1ses-419!2sgt!4v1613701039228!5m2!1ses-419!2sgt\" width=\"100%\" height=\"500px\" frameborder=\"0\" style=\"border:0;\" allowfullscreen=\"\" aria-hidden=\"false\" tabindex=\"0\"><\/iframe><\/p>\n<\/div>\n<\/div><\/div><\/div><\/div><\/div><\/div>","protected":false},"excerpt":{"rendered":"<p>&nbsp; &nbsp; &nbsp; &nbsp; &nbsp; &nbsp; &nbsp; &nbsp; &nbsp; &nbsp; &nbsp; PROYECTOS Buscar: Nosotros Sincr\u00f3nia, Sociedad An\u00f3nima, es una Organizaci\u00f3n Privada para el Desarrollo que opera desde 1999, implementado, asesorando y acompa\u00f1ando proyectos de desarrollo en diversas \u00e1reas, en participando enci\u00f3n de programas y proyectos de cooperaci\u00f3n internacional, sector gubernamental y organizaciones no gubernamentales nacionales [&hellip;]<\/p>\n","protected":false},"author":1,"featured_media":0,"parent":0,"menu_order":0,"comment_status":"closed","ping_status":"closed","template":"","meta":{"footnotes":""},"class_list":["post-564","page","type-page","status-publish","hentry"],"_links":{"self":[{"href":"http:\/\/sincroniacom.org\/sincronia\/wp-json\/wp\/v2\/pages\/564","targetHints":{"allow":["GET"]}}],"collection":[{"href":"http:\/\/sincroniacom.org\/sincronia\/wp-json\/wp\/v2\/pages"}],"about":[{"href":"http:\/\/sincroniacom.org\/sincronia\/wp-json\/wp\/v2\/types\/page"}],"author":[{"embeddable":true,"href":"http:\/\/sincroniacom.org\/sincronia\/wp-json\/wp\/v2\/users\/1"}],"replies":[{"embeddable":true,"href":"http:\/\/sincroniacom.org\/sincronia\/wp-json\/wp\/v2\/comments?post=564"}],"version-history":[{"count":10,"href":"http:\/\/sincroniacom.org\/sincronia\/wp-json\/wp\/v2\/pages\/564\/revisions"}],"predecessor-version":[{"id":1017,"href":"http:\/\/sincroniacom.org\/sincronia\/wp-json\/wp\/v2\/pages\/564\/revisions\/1017"}],"wp:attachment":[{"href":"http:\/\/sincroniacom.org\/sincronia\/wp-json\/wp\/v2\/media?parent=564"}],"curies":[{"name":"wp","href":"https:\/\/api.w.org\/{rel}","templated":true}]}}