{"id":339,"date":"2021-07-15T16:23:59","date_gmt":"2021-07-15T16:23:59","guid":{"rendered":"http:\/\/sincroniacom.org\/sincronia\/?page_id=339"},"modified":"2022-11-03T16:06:56","modified_gmt":"2022-11-03T16:06:56","slug":"acerca-de-sincronia","status":"publish","type":"page","link":"https:\/\/sincroniacom.org\/sincronia\/acerca-de-sincronia\/","title":{"rendered":"ACERCA DE SINCR\u00d3NIA"},"content":{"rendered":"<div id=\"pl-339\"  class=\"panel-layout\" ><div id=\"pg-339-0\"  class=\"panel-grid panel-has-style\" ><div class=\"siteorigin-panels-stretch panel-row-style panel-row-style-for-339-0\" data-stretch-type=\"full-stretched\" ><div id=\"pgc-339-0-0\"  class=\"panel-grid-cell\" ><div id=\"panel-339-0-0-0\" class=\"so-panel widget widget_sow-hero panel-first-child panel-last-child\" data-index=\"0\" ><div class=\"panel-widget-style panel-widget-style-for-339-0-0-0\" ><div\n\t\t\t\n\t\t\tclass=\"so-widget-sow-hero so-widget-sow-hero-default-67440917c4de-339 so-widget-fittext-wrapper\"\n\t\t\t data-fit-text-compressor=\"0.85\"\n\t\t>\t\t\t\t<div class=\"sow-slider-base\" style=\"display: none\" tabindex=\"0\">\n\t\t\t\t\t<ul\n\t\t\t\t\tclass=\"sow-slider-images\"\n\t\t\t\t\tdata-settings=\"{&quot;pagination&quot;:true,&quot;speed&quot;:800,&quot;timeout&quot;:8000,&quot;paused&quot;:false,&quot;pause_on_hover&quot;:false,&quot;swipe&quot;:true,&quot;nav_always_show_desktop&quot;:&quot;&quot;,&quot;nav_always_show_mobile&quot;:true,&quot;breakpoint&quot;:&quot;780px&quot;,&quot;unmute&quot;:false,&quot;anchor&quot;:null}\"\n\t\t\t\t\tstyle=\"min-height: 600px\"\t\t\t\t\tdata-anchor-id=\"\"\n\t\t\t\t>\t\t<li class=\"sow-slider-image\" style=\"visibility: visible;;background-color: #621b8c\" >\n\t\t\t\t\t<div class=\"sow-slider-image-container\">\n\t\t\t<div class=\"sow-slider-image-wrapper\">\n\t\t\t\t<p>&nbsp;<\/p>\n<p>&nbsp;<\/p>\n<p>&nbsp;<\/p>\n<p>&nbsp;<\/p>\n<p>&nbsp;<\/p>\n<p>&nbsp;<\/p>\n<p>&nbsp;<\/p>\n<p>&nbsp;<\/p>\n<p>&nbsp;<\/p>\n<h1 style=\"text-align: center\">Perspectiva de g\u00e9nero<\/h1>\n<p style=\"text-align: center\"><span style=\"color: #ffffff\"><em>Adoptar perspectivas de g\u00e9nero e inclusi\u00f3n social nos permite mejorar la calidad de los procesos y la innovaci\u00f3n de nuestros servicios.<\/em><\/span><\/p>\n<p>&nbsp;<\/p>\n<p>&nbsp;<\/p>\n<p>&nbsp;<\/p>\n<h2 style=\"text-align: center\"><\/h2>\n<p style=\"text-align: center\">\n<\/p>\t\t\t<\/div>\n\t\t<\/div>\n\t\t\t\t<\/li>\n\t\t<\/ul>\t\t\t\t<ol class=\"sow-slider-pagination\">\n\t\t\t\t\t\t\t\t\t\t\t<li><a href=\"#\" data-goto=\"0\" aria-label=\"mostrar diapositiva 1\"><\/a><\/li>\n\t\t\t\t\t\t\t\t\t<\/ol>\n\n\t\t\t\t<div class=\"sow-slide-nav sow-slide-nav-next\">\n\t\t\t\t\t<a href=\"#\" data-goto=\"next\" aria-label=\"diapositiva siguiente\" data-action=\"next\">\n\t\t\t\t\t\t<em class=\"sow-sld-icon-thin-right\"><\/em>\n\t\t\t\t\t<\/a>\n\t\t\t\t<\/div>\n\n\t\t\t\t<div class=\"sow-slide-nav sow-slide-nav-prev\">\n\t\t\t\t\t<a href=\"#\" data-goto=\"previous\" aria-label=\"diapositiva anterior\" data-action=\"prev\">\n\t\t\t\t\t\t<em class=\"sow-sld-icon-thin-left\"><\/em>\n\t\t\t\t\t<\/a>\n\t\t\t\t<\/div>\n\t\t\t\t<\/div><\/div><\/div><\/div><\/div><\/div><\/div><div id=\"pg-339-1\"  class=\"panel-grid panel-has-style\" ><div class=\"siteorigin-panels-stretch panel-row-style panel-row-style-for-339-1\" data-stretch-type=\"full\" ><div id=\"pgc-339-1-0\"  class=\"panel-grid-cell\" ><div id=\"panel-339-1-0-0\" class=\"so-panel widget widget_search panel-first-child panel-last-child\" data-index=\"1\" >\n<form role=\"search\" method=\"get\" class=\"form-search\" action=\"https:\/\/sincroniacom.org\/sincronia\/\">\n  <div class=\"input-group\">\n\t  <label class=\"screen-reader-text\" for=\"s\">Buscar:<\/label>\n\t<input type=\"text\" class=\"form-control search-query\" placeholder=\"Buscar&hellip;\" value=\"\" name=\"s\" title=\"Buscar:\" \/>\n\t<span class=\"input-group-btn\">\n\t  <button type=\"submit\" class=\"btn btn-default\" name=\"submit\" id=\"searchsubmit\" value=\"Buscar\"><span class=\"glyphicon glyphicon-search\"><\/span><\/button>\n\t<\/span>\n  <\/div>\n<\/form>\n<\/div><\/div><div id=\"pgc-339-1-1\"  class=\"panel-grid-cell panel-grid-cell-empty\" ><\/div><div id=\"pgc-339-1-2\"  class=\"panel-grid-cell\" ><div id=\"panel-339-1-2-0\" class=\"so-panel widget widget_sow-social-media-buttons panel-first-child panel-last-child\" data-index=\"2\" ><div\n\t\t\t\n\t\t\tclass=\"so-widget-sow-social-media-buttons so-widget-sow-social-media-buttons-flat-86d4c6e9066a-339\"\n\t\t\t\n\t\t>\n\n<div class=\"social-media-button-container\">\n\t\n\t\t<a \n\t\tclass=\"ow-button-hover sow-social-media-button-facebook-0 sow-social-media-button\" title=\"Sincronia-Guatemala en Facebook\" aria-label=\"Sincronia-Guatemala en Facebook\" target=\"_blank\" rel=\"noopener noreferrer\" href=\"https:\/\/www.facebook.com\/Sincronia-Guatemala-152355891468071\" \t\t>\n\t\t\t<span>\n\t\t\t\t\t\t\t\t<span class=\"sow-icon-fontawesome sow-fab\" data-sow-icon=\"&#xf39e;\"\n\t\t \n\t\taria-hidden=\"true\"><\/span>\t\t\t\t\t\t\t<\/span>\n\t\t<\/a>\n\t\n\t\t<a \n\t\tclass=\"ow-button-hover sow-social-media-button-instagram-0 sow-social-media-button\" title=\"Sincronia-Guatemala en Instagram\" aria-label=\"Sincronia-Guatemala en Instagram\" target=\"_blank\" rel=\"noopener noreferrer\" href=\"https:\/\/instagram.com\/\" \t\t>\n\t\t\t<span>\n\t\t\t\t\t\t\t\t<span class=\"sow-icon-fontawesome sow-fab\" data-sow-icon=\"&#xf16d;\"\n\t\t \n\t\taria-hidden=\"true\"><\/span>\t\t\t\t\t\t\t<\/span>\n\t\t<\/a>\n\t\n\t\t<a \n\t\tclass=\"ow-button-hover sow-social-media-button-phone-0 sow-social-media-button\" title=\"Phone Sincronia-Guatemala\" aria-label=\"Phone Sincronia-Guatemala\" href=\"tel:5645647\" \t\t>\n\t\t\t<span>\n\t\t\t\t\t\t\t\t<span class=\"sow-icon-fontawesome sow-fas\" data-sow-icon=\"&#xf095;\"\n\t\t \n\t\taria-hidden=\"true\"><\/span>\t\t\t\t\t\t\t<\/span>\n\t\t<\/a>\n\t<\/div>\n<\/div><\/div><\/div><\/div><\/div><div id=\"pg-339-2\"  class=\"panel-grid panel-has-style\" ><div class=\"siteorigin-panels-stretch panel-row-style panel-row-style-for-339-2\" data-stretch-type=\"full\" ><div id=\"pgc-339-2-0\"  class=\"panel-grid-cell\" ><div id=\"panel-339-2-0-0\" class=\"so-panel widget widget_sow-hero panel-first-child\" data-index=\"3\" ><div class=\"panel-widget-style panel-widget-style-for-339-2-0-0\" ><div\n\t\t\t\n\t\t\tclass=\"so-widget-sow-hero so-widget-sow-hero-default-aa7123b3c3d2-339 so-widget-fittext-wrapper\"\n\t\t\t data-fit-text-compressor=\"0.85\"\n\t\t>\t\t\t\t<div class=\"sow-slider-base\" style=\"display: none\" tabindex=\"0\">\n\t\t\t\t\t<ul\n\t\t\t\t\tclass=\"sow-slider-images\"\n\t\t\t\t\tdata-settings=\"{&quot;pagination&quot;:true,&quot;speed&quot;:800,&quot;timeout&quot;:8000,&quot;paused&quot;:false,&quot;pause_on_hover&quot;:false,&quot;swipe&quot;:true,&quot;nav_always_show_desktop&quot;:&quot;&quot;,&quot;nav_always_show_mobile&quot;:true,&quot;breakpoint&quot;:&quot;780px&quot;,&quot;unmute&quot;:false,&quot;anchor&quot;:null}\"\n\t\t\t\t\tstyle=\"min-height: 600px\"\t\t\t\t\tdata-anchor-id=\"\"\n\t\t\t\t>\t\t<li class=\"sow-slider-image\" style=\"visibility: visible;\" >\n\t\t\t\t\t<div class=\"sow-slider-image-container\">\n\t\t\t<div class=\"sow-slider-image-wrapper\">\n\t\t\t\t<h2 style=\"text-align: center\"><img loading=\"lazy\" decoding=\"async\" class=\"alignnone wp-image-261 size-large\" src=\"http:\/\/sincroniacom.org\/sincronia\/wp-content\/uploads\/2021\/02\/sombra-1024x110.png\" alt=\"\" width=\"648\" height=\"70\" srcset=\"https:\/\/sincroniacom.org\/sincronia\/wp-content\/uploads\/2021\/02\/sombra-1024x110.png 1024w, https:\/\/sincroniacom.org\/sincronia\/wp-content\/uploads\/2021\/02\/sombra-300x32.png 300w, https:\/\/sincroniacom.org\/sincronia\/wp-content\/uploads\/2021\/02\/sombra-768x83.png 768w, https:\/\/sincroniacom.org\/sincronia\/wp-content\/uploads\/2021\/02\/sombra-1536x165.png 1536w, https:\/\/sincroniacom.org\/sincronia\/wp-content\/uploads\/2021\/02\/sombra.png 2048w\" sizes=\"auto, (max-width: 648px) 100vw, 648px\" \/><\/h2>\n<h2 style=\"text-align: center\">Nosotros<\/h2>\n<p><img loading=\"lazy\" decoding=\"async\" class=\"size-medium wp-image-8 aligncenter\" src=\"http:\/\/sincroniacom.org\/sincronia\/wp-content\/uploads\/2021\/01\/cropped-logo-1-300x93.jpg\" alt=\"\" width=\"300\" height=\"93\" srcset=\"https:\/\/sincroniacom.org\/sincronia\/wp-content\/uploads\/2021\/01\/cropped-logo-1-300x93.jpg 300w, https:\/\/sincroniacom.org\/sincronia\/wp-content\/uploads\/2021\/01\/cropped-logo-1.jpg 323w\" sizes=\"auto, (max-width: 300px) 100vw, 300px\" \/><\/p>\n<p style=\"text-align: left\"><span style=\"color: #808080\">Sincr\u00f3nia, Sociedad An\u00f3nima, es una Organizaci\u00f3n Privada para el Desarrollo que opera desde 1999, implementado, asesorando y acompa\u00f1ando proyectos de desarrollo en diversas \u00e1reas, en participando enci\u00f3n de programas y proyectos de cooperaci\u00f3n internacional, sector gubernamental y organizaciones no gubernamentales nacionales e internacionales.<\/span><\/p>\n\t\t\t<\/div>\n\t\t<\/div>\n\t\t\t\t<\/li>\n\t\t<\/ul>\t\t\t\t<ol class=\"sow-slider-pagination\">\n\t\t\t\t\t\t\t\t\t\t\t<li><a href=\"#\" data-goto=\"0\" aria-label=\"mostrar diapositiva 1\"><\/a><\/li>\n\t\t\t\t\t\t\t\t\t<\/ol>\n\n\t\t\t\t<div class=\"sow-slide-nav sow-slide-nav-next\">\n\t\t\t\t\t<a href=\"#\" data-goto=\"next\" aria-label=\"diapositiva siguiente\" data-action=\"next\">\n\t\t\t\t\t\t<em class=\"sow-sld-icon-thin-right\"><\/em>\n\t\t\t\t\t<\/a>\n\t\t\t\t<\/div>\n\n\t\t\t\t<div class=\"sow-slide-nav sow-slide-nav-prev\">\n\t\t\t\t\t<a href=\"#\" data-goto=\"previous\" aria-label=\"diapositiva anterior\" data-action=\"prev\">\n\t\t\t\t\t\t<em class=\"sow-sld-icon-thin-left\"><\/em>\n\t\t\t\t\t<\/a>\n\t\t\t\t<\/div>\n\t\t\t\t<\/div><\/div><\/div><\/div><div id=\"panel-339-2-0-1\" class=\"so-panel widget widget_sow-hero panel-last-child\" data-index=\"4\" ><div class=\"panel-widget-style panel-widget-style-for-339-2-0-1\" ><div\n\t\t\t\n\t\t\tclass=\"so-widget-sow-hero so-widget-sow-hero-default-aa7123b3c3d2-339 so-widget-fittext-wrapper\"\n\t\t\t data-fit-text-compressor=\"0.85\"\n\t\t>\t\t\t\t<div class=\"sow-slider-base\" style=\"display: none\" tabindex=\"0\">\n\t\t\t\t\t<ul\n\t\t\t\t\tclass=\"sow-slider-images\"\n\t\t\t\t\tdata-settings=\"{&quot;pagination&quot;:true,&quot;speed&quot;:800,&quot;timeout&quot;:8000,&quot;paused&quot;:false,&quot;pause_on_hover&quot;:false,&quot;swipe&quot;:true,&quot;nav_always_show_desktop&quot;:&quot;&quot;,&quot;nav_always_show_mobile&quot;:true,&quot;breakpoint&quot;:&quot;780px&quot;,&quot;unmute&quot;:false,&quot;anchor&quot;:null}\"\n\t\t\t\t\tstyle=\"min-height: 600px\"\t\t\t\t\tdata-anchor-id=\"\"\n\t\t\t\t>\t\t<li class=\"sow-slider-image\" style=\"visibility: visible;\" >\n\t\t\t\t\t<div class=\"sow-slider-image-container\">\n\t\t\t<div class=\"sow-slider-image-wrapper\">\n\t\t\t\t<h1><span style=\"font-weight: 400;color: #800080\">\u00bfQui\u00e9nes somos?\u00a0<\/span><\/h1>\n<p><span style=\"color: #808080\">Sincr\u00f3nia, Sociedad An\u00f3nima, es una Organizaci\u00f3n Privada para el Desarrollo (OPD) que opera desde 1999, implementado, asesorando y acompa\u00f1ando proyectos de desarrollo en diversas \u00e1reas, en participando en programas y proyectos de cooperaci\u00f3n internacional, sector gubernamental y organizaciones no gubernamentales nacionales e internacionales.<\/span><\/p>\n<h1><span style=\"font-weight: 400;color: #800080\">\u00bfEn qu\u00e9 creemos?\u00a0<\/span><\/h1>\n<p><span style=\"color: #808080\">Nuestra filosof\u00eda empresarial se basa en el respeto a las diferentes culturas, a la igualdad y equidad de g\u00e9nero, los derechos humanos y el desarrollo integral sostenible, asumiendo responsabilidad social para trabajar con y para personas sujetos de derechos.<\/span><\/p>\n<h1><span style=\"font-weight: 400;color: #800080\">\u00bfQu\u00e9 hacemos?<\/span><\/h1>\n<p><span style=\"color: #808080\">En Sincr\u00f3nia facilitamos procesos estrat\u00e9gicos integrales para desarrollo con pertinencia cultural basados en investigaci\u00f3n,\u00a0 implementando acciones comunicacionales asertivas y efectivas que generen cambio social y de comportamiento, promoviendo pr\u00e1cticas que contribuyan a una mejor calidad de vida de las personas y haciendo buen uso de los recursos naturales.<\/span><\/p>\n<h1><span style=\"font-weight: 400;color: #800080\">Nuestra historia<\/span><\/h1>\n<p><span style=\"color: #808080\">Sincr\u00f3nia inicia como una empresa individual en 1999 constituy\u00e9ndose como empresa privada en el 2003. En el 2006 se convierte en una Organizaci\u00f3n Privada para el Desarrollo \u2013OPD-, desde esa perspectiva ha gestionado e implementado proyectos de investigaci\u00f3n, comunicaci\u00f3n, cambio social y comportamiento, seguridad alimentaria y nutricional, salud, nutrici\u00f3n, protecci\u00f3n integral de la ni\u00f1ez y la adolescencia, prevenci\u00f3n del delito, gobernabilidad local, emprendimiento, agricultura, cadena de valor, derechos de las mujeres, agua y saneamiento, gesti\u00f3n integral del riesgo, ordenamiento <\/span><span style=\"color: #808080\">territorial, gesti\u00f3n integral del recurso h\u00eddrico, asesor\u00eda en proyectos hidroel\u00e9ctricos, entre otros.<\/span><\/p>\n<p>&nbsp;<\/p>\n<p>&nbsp;<\/p>\n<p style=\"text-align: center\">\n<\/p>\t\t\t<\/div>\n\t\t<\/div>\n\t\t\t\t<\/li>\n\t\t<\/ul>\t\t\t\t<ol class=\"sow-slider-pagination\">\n\t\t\t\t\t\t\t\t\t\t\t<li><a href=\"#\" data-goto=\"0\" aria-label=\"mostrar diapositiva 1\"><\/a><\/li>\n\t\t\t\t\t\t\t\t\t<\/ol>\n\n\t\t\t\t<div class=\"sow-slide-nav sow-slide-nav-next\">\n\t\t\t\t\t<a href=\"#\" data-goto=\"next\" aria-label=\"diapositiva siguiente\" data-action=\"next\">\n\t\t\t\t\t\t<em class=\"sow-sld-icon-thin-right\"><\/em>\n\t\t\t\t\t<\/a>\n\t\t\t\t<\/div>\n\n\t\t\t\t<div class=\"sow-slide-nav sow-slide-nav-prev\">\n\t\t\t\t\t<a href=\"#\" data-goto=\"previous\" aria-label=\"diapositiva anterior\" data-action=\"prev\">\n\t\t\t\t\t\t<em class=\"sow-sld-icon-thin-left\"><\/em>\n\t\t\t\t\t<\/a>\n\t\t\t\t<\/div>\n\t\t\t\t<\/div><\/div><\/div><\/div><\/div><\/div><\/div><div id=\"pg-339-3\"  class=\"panel-grid panel-has-style\" ><div class=\"siteorigin-panels-stretch panel-row-style panel-row-style-for-339-3\" data-stretch-type=\"full-stretched\" ><div id=\"pgc-339-3-0\"  class=\"panel-grid-cell\" ><div id=\"panel-339-3-0-0\" class=\"so-panel widget widget_sow-hero panel-first-child panel-last-child\" data-index=\"5\" ><div\n\t\t\t\n\t\t\tclass=\"so-widget-sow-hero so-widget-sow-hero-default-c62e43f862e0-339 so-widget-fittext-wrapper\"\n\t\t\t data-fit-text-compressor=\"0.85\"\n\t\t>\t\t\t\t<div class=\"sow-slider-base\" style=\"display: none\" tabindex=\"0\">\n\t\t\t\t\t<ul\n\t\t\t\t\tclass=\"sow-slider-images\"\n\t\t\t\t\tdata-settings=\"{&quot;pagination&quot;:true,&quot;speed&quot;:800,&quot;timeout&quot;:8000,&quot;paused&quot;:false,&quot;pause_on_hover&quot;:false,&quot;swipe&quot;:true,&quot;nav_always_show_desktop&quot;:&quot;&quot;,&quot;nav_always_show_mobile&quot;:true,&quot;breakpoint&quot;:&quot;780px&quot;,&quot;unmute&quot;:false,&quot;anchor&quot;:null}\"\n\t\t\t\t\tstyle=\"min-height: 600px\"\t\t\t\t\tdata-anchor-id=\"\"\n\t\t\t\t>\t\t<li class=\"sow-slider-image\" style=\"visibility: visible;\" >\n\t\t\t\t\t<div class=\"sow-slider-image-container\">\n\t\t\t<div class=\"sow-slider-image-wrapper\">\n\t\t\t\t<h2 style=\"text-align: center\"><span style=\"color: #600a8f\"><img loading=\"lazy\" decoding=\"async\" class=\"alignnone wp-image-261 size-large\" src=\"http:\/\/sincroniacom.org\/sincronia\/wp-content\/uploads\/2021\/02\/sombra-1024x110.png\" alt=\"\" width=\"648\" height=\"70\" srcset=\"https:\/\/sincroniacom.org\/sincronia\/wp-content\/uploads\/2021\/02\/sombra-1024x110.png 1024w, https:\/\/sincroniacom.org\/sincronia\/wp-content\/uploads\/2021\/02\/sombra-300x32.png 300w, https:\/\/sincroniacom.org\/sincronia\/wp-content\/uploads\/2021\/02\/sombra-768x83.png 768w, https:\/\/sincroniacom.org\/sincronia\/wp-content\/uploads\/2021\/02\/sombra-1536x165.png 1536w, https:\/\/sincroniacom.org\/sincronia\/wp-content\/uploads\/2021\/02\/sombra.png 2048w\" sizes=\"auto, (max-width: 648px) 100vw, 648px\" \/><\/span><\/h2>\n<h2 style=\"text-align: center\"><span style=\"color: #600a8f\">\u00bfC\u00f3mo trabajamos<\/span><span style=\"color: #600a8f\">?<\/span><\/h2>\n<p><img loading=\"lazy\" decoding=\"async\" class=\"aligncenter wp-image-1000 size-full\" src=\"http:\/\/sincroniacom.org\/sincronia\/wp-content\/uploads\/2022\/11\/logos-sincronia-Guatemala.png\" alt=\"\" width=\"674\" height=\"105\" srcset=\"https:\/\/sincroniacom.org\/sincronia\/wp-content\/uploads\/2022\/11\/logos-sincronia-Guatemala.png 674w, https:\/\/sincroniacom.org\/sincronia\/wp-content\/uploads\/2022\/11\/logos-sincronia-Guatemala-300x47.png 300w\" sizes=\"auto, (max-width: 674px) 100vw, 674px\" \/><\/p>\n<div class=\"sow-hero-buttons\" style=\"text-align: center\"><div\n\t\t\t\n\t\t\tclass=\"so-widget-sow-button so-widget-sow-button-flat-a73d8ee2767a\"\n\t\t\t\n\t\t><div class=\"ow-button-base ow-button-align-center\"\n>\n\t\t\t<a\n\t\t\t\t\thref=\"http:\/\/sincroniacom.org\/sincronia\/socios\/\"\n\t\t\t\t\tclass=\"sowb-button ow-icon-placement-right ow-button-hover\" \t>\n\t\t<span>\n\t\t\t\n\t\t\tLeer M\u00e1s\t\t<\/span>\n\t\t\t<\/a>\n\t<\/div>\n<\/div><\/div>\n\t\t\t<\/div>\n\t\t<\/div>\n\t\t\t\t<\/li>\n\t\t<\/ul>\t\t\t\t<ol class=\"sow-slider-pagination\">\n\t\t\t\t\t\t\t\t\t\t\t<li><a href=\"#\" data-goto=\"0\" aria-label=\"mostrar diapositiva 1\"><\/a><\/li>\n\t\t\t\t\t\t\t\t\t<\/ol>\n\n\t\t\t\t<div class=\"sow-slide-nav sow-slide-nav-next\">\n\t\t\t\t\t<a href=\"#\" data-goto=\"next\" aria-label=\"diapositiva siguiente\" data-action=\"next\">\n\t\t\t\t\t\t<em class=\"sow-sld-icon-thin-right\"><\/em>\n\t\t\t\t\t<\/a>\n\t\t\t\t<\/div>\n\n\t\t\t\t<div class=\"sow-slide-nav sow-slide-nav-prev\">\n\t\t\t\t\t<a href=\"#\" data-goto=\"previous\" aria-label=\"diapositiva anterior\" data-action=\"prev\">\n\t\t\t\t\t\t<em class=\"sow-sld-icon-thin-left\"><\/em>\n\t\t\t\t\t<\/a>\n\t\t\t\t<\/div>\n\t\t\t\t<\/div><\/div><\/div><\/div><\/div><\/div><\/div>","protected":false},"excerpt":{"rendered":"<p>&nbsp; &nbsp; &nbsp; &nbsp; &nbsp; &nbsp; &nbsp; &nbsp; &nbsp; Perspectiva de g\u00e9nero Adoptar perspectivas de g\u00e9nero e inclusi\u00f3n social nos permite mejorar la calidad de los procesos y la innovaci\u00f3n de nuestros servicios. &nbsp; &nbsp; &nbsp; Buscar: Nosotros Sincr\u00f3nia, Sociedad An\u00f3nima, es una Organizaci\u00f3n Privada para el Desarrollo que opera desde 1999, implementado, asesorando y [&hellip;]<\/p>\n","protected":false},"author":1,"featured_media":0,"parent":0,"menu_order":0,"comment_status":"closed","ping_status":"closed","template":"","meta":{"footnotes":""},"class_list":["post-339","page","type-page","status-publish","hentry"],"_links":{"self":[{"href":"https:\/\/sincroniacom.org\/sincronia\/wp-json\/wp\/v2\/pages\/339","targetHints":{"allow":["GET"]}}],"collection":[{"href":"https:\/\/sincroniacom.org\/sincronia\/wp-json\/wp\/v2\/pages"}],"about":[{"href":"https:\/\/sincroniacom.org\/sincronia\/wp-json\/wp\/v2\/types\/page"}],"author":[{"embeddable":true,"href":"https:\/\/sincroniacom.org\/sincronia\/wp-json\/wp\/v2\/users\/1"}],"replies":[{"embeddable":true,"href":"https:\/\/sincroniacom.org\/sincronia\/wp-json\/wp\/v2\/comments?post=339"}],"version-history":[{"count":207,"href":"https:\/\/sincroniacom.org\/sincronia\/wp-json\/wp\/v2\/pages\/339\/revisions"}],"predecessor-version":[{"id":1008,"href":"https:\/\/sincroniacom.org\/sincronia\/wp-json\/wp\/v2\/pages\/339\/revisions\/1008"}],"wp:attachment":[{"href":"https:\/\/sincroniacom.org\/sincronia\/wp-json\/wp\/v2\/media?parent=339"}],"curies":[{"name":"wp","href":"https:\/\/api.w.org\/{rel}","templated":true}]}}