{"id":567,"date":"2021-07-15T22:40:26","date_gmt":"2021-07-15T22:40:26","guid":{"rendered":"http:\/\/sincroniacom.org\/sincronia\/?page_id=567"},"modified":"2022-11-03T16:52:50","modified_gmt":"2022-11-03T16:52:50","slug":"nuestro-trabajo","status":"publish","type":"page","link":"https:\/\/sincroniacom.org\/sincronia\/nuestro-trabajo\/","title":{"rendered":"NUESTRO TRABAJO"},"content":{"rendered":"<div id=\"pl-567\"  class=\"panel-layout\" ><div id=\"pg-567-0\"  class=\"panel-grid panel-has-style\" ><div class=\"siteorigin-panels-stretch panel-row-style panel-row-style-for-567-0\" data-stretch-type=\"full-stretched\" ><div id=\"pgc-567-0-0\"  class=\"panel-grid-cell\" ><div id=\"panel-567-0-0-0\" class=\"so-panel widget widget_sow-hero panel-first-child panel-last-child\" data-index=\"0\" ><div class=\"panel-widget-style panel-widget-style-for-567-0-0-0\" ><div\n\t\t\t\n\t\t\tclass=\"so-widget-sow-hero so-widget-sow-hero-default-84038197801f-567 so-widget-fittext-wrapper\"\n\t\t\t data-fit-text-compressor=\"0.85\"\n\t\t>\t\t\t\t<div class=\"sow-slider-base\" style=\"display: none\" tabindex=\"0\">\n\t\t\t\t\t<ul\n\t\t\t\t\tclass=\"sow-slider-images\"\n\t\t\t\t\tdata-settings=\"{&quot;pagination&quot;:true,&quot;speed&quot;:800,&quot;timeout&quot;:8000,&quot;paused&quot;:false,&quot;pause_on_hover&quot;:false,&quot;swipe&quot;:true,&quot;nav_always_show_desktop&quot;:&quot;&quot;,&quot;nav_always_show_mobile&quot;:true,&quot;breakpoint&quot;:&quot;780px&quot;,&quot;unmute&quot;:false,&quot;anchor&quot;:null}\"\n\t\t\t\t\tstyle=\"min-height: 600px\"\t\t\t\t\tdata-anchor-id=\"\"\n\t\t\t\t>\t\t<li class=\"sow-slider-image\" style=\"visibility: visible;;background-color: #621b8c\" >\n\t\t\t\t\t<div class=\"sow-slider-image-container\">\n\t\t\t<div class=\"sow-slider-image-wrapper\">\n\t\t\t\t<p>&nbsp;<\/p>\n<p>&nbsp;<\/p>\n<p>&nbsp;<\/p>\n<p>&nbsp;<\/p>\n<p>&nbsp;<\/p>\n<p>&nbsp;<\/p>\n<h2 style=\"text-align: center\">NUESTRO TRABAJO<\/h2>\n<p style=\"text-align: center\"><em>Trabajamos de forma conjunta con nuestros socios, respetando su misi\u00f3n y visi\u00f3n, <\/em><\/p>\n<p style=\"text-align: center\"><em>ofreciendo servicios la m\u00e1s alta calidad.<\/em><\/p>\n<p style=\"text-align: center\">\n<\/p>\t\t\t<\/div>\n\t\t<\/div>\n\t\t\t\t<\/li>\n\t\t<\/ul>\t\t\t\t<ol class=\"sow-slider-pagination\">\n\t\t\t\t\t\t\t\t\t\t\t<li><a href=\"#\" data-goto=\"0\" aria-label=\"mostrar diapositiva 1\"><\/a><\/li>\n\t\t\t\t\t\t\t\t\t<\/ol>\n\n\t\t\t\t<div class=\"sow-slide-nav sow-slide-nav-next\">\n\t\t\t\t\t<a href=\"#\" data-goto=\"next\" aria-label=\"diapositiva siguiente\" data-action=\"next\">\n\t\t\t\t\t\t<em class=\"sow-sld-icon-thin-right\"><\/em>\n\t\t\t\t\t<\/a>\n\t\t\t\t<\/div>\n\n\t\t\t\t<div class=\"sow-slide-nav sow-slide-nav-prev\">\n\t\t\t\t\t<a href=\"#\" data-goto=\"previous\" aria-label=\"diapositiva anterior\" data-action=\"prev\">\n\t\t\t\t\t\t<em class=\"sow-sld-icon-thin-left\"><\/em>\n\t\t\t\t\t<\/a>\n\t\t\t\t<\/div>\n\t\t\t\t<\/div><\/div><\/div><\/div><\/div><\/div><\/div><div id=\"pg-567-1\"  class=\"panel-grid panel-has-style\" ><div class=\"siteorigin-panels-stretch panel-row-style panel-row-style-for-567-1\" data-stretch-type=\"full\" ><div id=\"pgc-567-1-0\"  class=\"panel-grid-cell\" ><div id=\"panel-567-1-0-0\" class=\"so-panel widget widget_search panel-first-child panel-last-child\" data-index=\"1\" >\n<form role=\"search\" method=\"get\" class=\"form-search\" action=\"https:\/\/sincroniacom.org\/sincronia\/\">\n  <div class=\"input-group\">\n\t  <label class=\"screen-reader-text\" for=\"s\">Buscar:<\/label>\n\t<input type=\"text\" class=\"form-control search-query\" placeholder=\"Buscar&hellip;\" value=\"\" name=\"s\" title=\"Buscar:\" \/>\n\t<span class=\"input-group-btn\">\n\t  <button type=\"submit\" class=\"btn btn-default\" name=\"submit\" id=\"searchsubmit\" value=\"Buscar\"><span class=\"glyphicon glyphicon-search\"><\/span><\/button>\n\t<\/span>\n  <\/div>\n<\/form>\n<\/div><\/div><div id=\"pgc-567-1-1\"  class=\"panel-grid-cell panel-grid-cell-empty\" ><\/div><div id=\"pgc-567-1-2\"  class=\"panel-grid-cell\" ><div id=\"panel-567-1-2-0\" class=\"so-panel widget widget_sow-social-media-buttons panel-first-child panel-last-child\" data-index=\"2\" ><div\n\t\t\t\n\t\t\tclass=\"so-widget-sow-social-media-buttons so-widget-sow-social-media-buttons-flat-86d4c6e9066a-567\"\n\t\t\t\n\t\t>\n\n<div class=\"social-media-button-container\">\n\t\n\t\t<a \n\t\tclass=\"ow-button-hover sow-social-media-button-facebook-0 sow-social-media-button\" title=\"Sincronia-Guatemala en Facebook\" aria-label=\"Sincronia-Guatemala en Facebook\" target=\"_blank\" rel=\"noopener noreferrer\" href=\"https:\/\/www.facebook.com\/Sincronia-Guatemala-152355891468071\" \t\t>\n\t\t\t<span>\n\t\t\t\t\t\t\t\t<span class=\"sow-icon-fontawesome sow-fab\" data-sow-icon=\"&#xf39e;\"\n\t\t \n\t\taria-hidden=\"true\"><\/span>\t\t\t\t\t\t\t<\/span>\n\t\t<\/a>\n\t\n\t\t<a \n\t\tclass=\"ow-button-hover sow-social-media-button-instagram-0 sow-social-media-button\" title=\"Sincronia-Guatemala en Instagram\" aria-label=\"Sincronia-Guatemala en Instagram\" target=\"_blank\" rel=\"noopener noreferrer\" href=\"https:\/\/instagram.com\/\" \t\t>\n\t\t\t<span>\n\t\t\t\t\t\t\t\t<span class=\"sow-icon-fontawesome sow-fab\" data-sow-icon=\"&#xf16d;\"\n\t\t \n\t\taria-hidden=\"true\"><\/span>\t\t\t\t\t\t\t<\/span>\n\t\t<\/a>\n\t\n\t\t<a \n\t\tclass=\"ow-button-hover sow-social-media-button-phone-0 sow-social-media-button\" title=\"Phone Sincronia-Guatemala\" aria-label=\"Phone Sincronia-Guatemala\" href=\"tel:5645647\" \t\t>\n\t\t\t<span>\n\t\t\t\t\t\t\t\t<span class=\"sow-icon-fontawesome sow-fas\" data-sow-icon=\"&#xf095;\"\n\t\t \n\t\taria-hidden=\"true\"><\/span>\t\t\t\t\t\t\t<\/span>\n\t\t<\/a>\n\t<\/div>\n<\/div><\/div><\/div><\/div><\/div><div id=\"pg-567-2\"  class=\"panel-grid panel-has-style\" ><div class=\"siteorigin-panels-stretch panel-row-style panel-row-style-for-567-2\" data-stretch-type=\"full\" ><div id=\"pgc-567-2-0\"  class=\"panel-grid-cell\" ><div id=\"panel-567-2-0-0\" class=\"so-panel widget widget_sow-hero panel-first-child\" data-index=\"3\" ><div class=\"panel-widget-style panel-widget-style-for-567-2-0-0\" ><div\n\t\t\t\n\t\t\tclass=\"so-widget-sow-hero so-widget-sow-hero-default-aa7123b3c3d2-567 so-widget-fittext-wrapper\"\n\t\t\t data-fit-text-compressor=\"0.85\"\n\t\t>\t\t\t\t<div class=\"sow-slider-base\" style=\"display: none\" tabindex=\"0\">\n\t\t\t\t\t<ul\n\t\t\t\t\tclass=\"sow-slider-images\"\n\t\t\t\t\tdata-settings=\"{&quot;pagination&quot;:true,&quot;speed&quot;:800,&quot;timeout&quot;:8000,&quot;paused&quot;:false,&quot;pause_on_hover&quot;:false,&quot;swipe&quot;:true,&quot;nav_always_show_desktop&quot;:&quot;&quot;,&quot;nav_always_show_mobile&quot;:true,&quot;breakpoint&quot;:&quot;780px&quot;,&quot;unmute&quot;:false,&quot;anchor&quot;:null}\"\n\t\t\t\t\tstyle=\"min-height: 600px\"\t\t\t\t\tdata-anchor-id=\"\"\n\t\t\t\t>\t\t<li class=\"sow-slider-image\" style=\"visibility: visible;\" >\n\t\t\t\t\t<div class=\"sow-slider-image-container\">\n\t\t\t<div class=\"sow-slider-image-wrapper\">\n\t\t\t\t<h2 style=\"text-align: center\"><img loading=\"lazy\" decoding=\"async\" class=\"alignnone wp-image-261 size-large\" src=\"http:\/\/sincroniacom.org\/sincronia\/wp-content\/uploads\/2021\/02\/sombra-1024x110.png\" alt=\"\" width=\"648\" height=\"70\" srcset=\"https:\/\/sincroniacom.org\/sincronia\/wp-content\/uploads\/2021\/02\/sombra-1024x110.png 1024w, https:\/\/sincroniacom.org\/sincronia\/wp-content\/uploads\/2021\/02\/sombra-300x32.png 300w, https:\/\/sincroniacom.org\/sincronia\/wp-content\/uploads\/2021\/02\/sombra-768x83.png 768w, https:\/\/sincroniacom.org\/sincronia\/wp-content\/uploads\/2021\/02\/sombra-1536x165.png 1536w, https:\/\/sincroniacom.org\/sincronia\/wp-content\/uploads\/2021\/02\/sombra.png 2048w\" sizes=\"auto, (max-width: 648px) 100vw, 648px\" \/><\/h2>\n<h1 style=\"text-align: center\"><span style=\"font-weight: 400;color: #800080\">\u00bfC\u00f3mo trabajamos?<\/span><\/h1>\n<p><img loading=\"lazy\" decoding=\"async\" class=\"size-medium wp-image-8 aligncenter\" src=\"http:\/\/sincroniacom.org\/sincronia\/wp-content\/uploads\/2021\/01\/cropped-logo-1-300x93.jpg\" alt=\"\" width=\"300\" height=\"93\" srcset=\"https:\/\/sincroniacom.org\/sincronia\/wp-content\/uploads\/2021\/01\/cropped-logo-1-300x93.jpg 300w, https:\/\/sincroniacom.org\/sincronia\/wp-content\/uploads\/2021\/01\/cropped-logo-1.jpg 323w\" sizes=\"auto, (max-width: 300px) 100vw, 300px\" \/><\/p>\n<p><span style=\"font-weight: 400;color: #808080\">En Sincr\u00f3nia trabajamos de forma conjunta con nuestros socios (clientes), respetando su misi\u00f3n y visi\u00f3n, ofreciendo servicios la m\u00e1s alta calidad en planteamientos estrat\u00e9gicos y su ejecuci\u00f3n,\u00a0 produciendo materiales y acciones, haciendo el uso t\u00e1ctico de medios y canales, considerando audiencias priorizadas y promoviendo procesos participativos.<\/span><\/p>\n\t\t\t<\/div>\n\t\t<\/div>\n\t\t\t\t<\/li>\n\t\t<\/ul>\t\t\t\t<ol class=\"sow-slider-pagination\">\n\t\t\t\t\t\t\t\t\t\t\t<li><a href=\"#\" data-goto=\"0\" aria-label=\"mostrar diapositiva 1\"><\/a><\/li>\n\t\t\t\t\t\t\t\t\t<\/ol>\n\n\t\t\t\t<div class=\"sow-slide-nav sow-slide-nav-next\">\n\t\t\t\t\t<a href=\"#\" data-goto=\"next\" aria-label=\"diapositiva siguiente\" data-action=\"next\">\n\t\t\t\t\t\t<em class=\"sow-sld-icon-thin-right\"><\/em>\n\t\t\t\t\t<\/a>\n\t\t\t\t<\/div>\n\n\t\t\t\t<div class=\"sow-slide-nav sow-slide-nav-prev\">\n\t\t\t\t\t<a href=\"#\" data-goto=\"previous\" aria-label=\"diapositiva anterior\" data-action=\"prev\">\n\t\t\t\t\t\t<em class=\"sow-sld-icon-thin-left\"><\/em>\n\t\t\t\t\t<\/a>\n\t\t\t\t<\/div>\n\t\t\t\t<\/div><\/div><\/div><\/div><div id=\"panel-567-2-0-1\" class=\"so-panel widget widget_sow-hero\" data-index=\"4\" ><div class=\"panel-widget-style panel-widget-style-for-567-2-0-1\" ><div\n\t\t\t\n\t\t\tclass=\"so-widget-sow-hero so-widget-sow-hero-default-aa7123b3c3d2-567 so-widget-fittext-wrapper\"\n\t\t\t data-fit-text-compressor=\"0.85\"\n\t\t>\t\t\t\t<div class=\"sow-slider-base\" style=\"display: none\" tabindex=\"0\">\n\t\t\t\t\t<ul\n\t\t\t\t\tclass=\"sow-slider-images\"\n\t\t\t\t\tdata-settings=\"{&quot;pagination&quot;:true,&quot;speed&quot;:800,&quot;timeout&quot;:8000,&quot;paused&quot;:false,&quot;pause_on_hover&quot;:false,&quot;swipe&quot;:true,&quot;nav_always_show_desktop&quot;:&quot;&quot;,&quot;nav_always_show_mobile&quot;:true,&quot;breakpoint&quot;:&quot;780px&quot;,&quot;unmute&quot;:false,&quot;anchor&quot;:null}\"\n\t\t\t\t\tstyle=\"min-height: 600px\"\t\t\t\t\tdata-anchor-id=\"\"\n\t\t\t\t>\t\t<li class=\"sow-slider-image\" style=\"visibility: visible;\" >\n\t\t\t\t\t<div class=\"sow-slider-image-container\">\n\t\t\t<div class=\"sow-slider-image-wrapper\">\n\t\t\t\t<h1><span style=\"font-weight: 400;color: #800080\">Organicidad del Equipo de Profesionales<\/span><\/h1>\n<p><span style=\"font-weight: 400;color: #808080\">No es casual el empleo del t\u00e9rmino organicidad, ya que el equipo de trabajo, adem\u00e1s, de estar organizado por los procesos, interact\u00faa de manera sist\u00e9mica y sistem\u00e1tica. Desde la concepci\u00f3n sist\u00e9mica se aprovechan con mayor propiedad las capacidades, habilidades y competencias de los profesionales. <\/span><\/p>\n<p>&nbsp;<\/p>\n<p style=\"text-align: center\">\n<\/p>\t\t\t<\/div>\n\t\t<\/div>\n\t\t\t\t<\/li>\n\t\t<\/ul>\t\t\t\t<ol class=\"sow-slider-pagination\">\n\t\t\t\t\t\t\t\t\t\t\t<li><a href=\"#\" data-goto=\"0\" aria-label=\"mostrar diapositiva 1\"><\/a><\/li>\n\t\t\t\t\t\t\t\t\t<\/ol>\n\n\t\t\t\t<div class=\"sow-slide-nav sow-slide-nav-next\">\n\t\t\t\t\t<a href=\"#\" data-goto=\"next\" aria-label=\"diapositiva siguiente\" data-action=\"next\">\n\t\t\t\t\t\t<em class=\"sow-sld-icon-thin-right\"><\/em>\n\t\t\t\t\t<\/a>\n\t\t\t\t<\/div>\n\n\t\t\t\t<div class=\"sow-slide-nav sow-slide-nav-prev\">\n\t\t\t\t\t<a href=\"#\" data-goto=\"previous\" aria-label=\"diapositiva anterior\" data-action=\"prev\">\n\t\t\t\t\t\t<em class=\"sow-sld-icon-thin-left\"><\/em>\n\t\t\t\t\t<\/a>\n\t\t\t\t<\/div>\n\t\t\t\t<\/div><\/div><\/div><\/div><div id=\"panel-567-2-0-2\" class=\"so-panel widget widget_sow-hero panel-last-child\" data-index=\"5\" ><div class=\"panel-widget-style panel-widget-style-for-567-2-0-2\" ><div\n\t\t\t\n\t\t\tclass=\"so-widget-sow-hero so-widget-sow-hero-default-044b7aef6276-567 so-widget-fittext-wrapper\"\n\t\t\t data-fit-text-compressor=\"0.85\"\n\t\t>\t\t\t\t<div class=\"sow-slider-base\" style=\"display: none\" tabindex=\"0\">\n\t\t\t\t\t<ul\n\t\t\t\t\tclass=\"sow-slider-images\"\n\t\t\t\t\tdata-settings=\"{&quot;pagination&quot;:true,&quot;speed&quot;:800,&quot;timeout&quot;:8000,&quot;paused&quot;:false,&quot;pause_on_hover&quot;:false,&quot;swipe&quot;:true,&quot;nav_always_show_desktop&quot;:&quot;&quot;,&quot;nav_always_show_mobile&quot;:true,&quot;breakpoint&quot;:&quot;780px&quot;,&quot;unmute&quot;:false,&quot;anchor&quot;:null}\"\n\t\t\t\t\tstyle=\"min-height: 1000px\"\t\t\t\t\tdata-anchor-id=\"\"\n\t\t\t\t>\t\t<li class=\"sow-slider-image\" style=\"visibility: visible;\" >\n\t\t\t\t\t<div class=\"sow-slider-image-container\">\n\t\t\t<div class=\"sow-slider-image-wrapper\">\n\t\t\t\t<h1><span style=\"font-weight: 400;color: #800080\">Nuestros Servicios<\/span><\/h1>\n<p><span style=\"font-weight: 400;color: #808080\">Sincr\u00f3nia S. A. es una sinergia de empresas y colaboradores que fortalecen y desarrollan planteamientos estrat\u00e9gicos convirti\u00e9ndolos en procesos que permiten evaluar, monitorear fases de implementaci\u00f3n y medici\u00f3n de indicadores y resultados, as\u00ed como de medio tiempo, finales y de impacto.\u00a0<\/span><\/p>\n<p><span style=\"color: #808080\">1) <\/span><span style=\"color: #800080\"><strong>Sincr\u00f3nia Marketing Estrat\u00e9gico.<\/strong><\/span> <span style=\"color: #808080\">Divisi\u00f3n que establece procesos de mercadeo integral desde el an\u00e1lisis, planeaci\u00f3n e implementaci\u00f3n de estrategias, con uso de marketing digital, visi\u00f3n de promoci\u00f3n y ventas.<\/span><\/p>\n<p><span style=\"color: #808080\">2) <span style=\"color: #800080\"><strong>Utzilaj T\u00b4zij, Comunicaci\u00f3n Transparente Maya<\/strong>.<\/span> Presta servicios de consultor\u00eda y asesor\u00eda en comunicaci\u00f3n integral para el pueblo maya, gar\u00edfuna y xinca a trav\u00e9s de los idiomas maternos de cada regi\u00f3n.<\/span><\/p>\n<p><span style=\"color: #808080\">3) <span style=\"color: #800080\"><strong>Centro Nacional de Informaci\u00f3n e Investigaci\u00f3n en Desarrollo y Desastres -CENACIDE,-ONG\u2013.<\/strong><\/span> Entidad no gubernamental de car\u00e1cter educativa, formativa y desarrollo social integral que se dedica a apoyar proyectos locales y nacionales que propicien un desarrollo seguro y sostenible con creatividad, en b\u00fasqueda de una mejor calidad de vida para sus habitantes.<\/span><\/p>\n<p><span style=\"color: #808080\">4) <span style=\"color: #800080\"><strong>Clean Station.<\/strong><\/span>\u00a0Nace durante la pandemia del nuevo Coronavirus COVID-19, bajo la necesidad de crear ambientes libres de enfermedades que comprometan la salud de las personas. Durante esta crisis sanitaria que ha modificado la psicolog\u00eda mundial, se han modificado los patrones de consumo y se han redefinido los est\u00e1ndares higi\u00e9nicos y de salud, por lo que se han creado estaciones de lavado de manos y limpieza de suela de calzado, para promover la higiene y promover la prevenci\u00f3n.<\/span><\/p>\n<p><span style=\"color: #808080\">4) <strong><span style=\"color: #800080\">Sincr\u00f3nia, Dise\u00f1o y Construcci\u00f3n.<\/span><\/strong> Desarrolla proyectos habitacionales con gesti\u00f3n de financiamiento accesible, con dise\u00f1os arquitect\u00f3nicos modernos, tradicionales y conservadores de acuerdo con los requerimientos del cliente.<\/span><\/p>\n<p>&nbsp;<\/p>\n<p style=\"text-align: center\">\n<\/p>\t\t\t<\/div>\n\t\t<\/div>\n\t\t\t\t<\/li>\n\t\t<\/ul>\t\t\t\t<ol class=\"sow-slider-pagination\">\n\t\t\t\t\t\t\t\t\t\t\t<li><a href=\"#\" data-goto=\"0\" aria-label=\"mostrar diapositiva 1\"><\/a><\/li>\n\t\t\t\t\t\t\t\t\t<\/ol>\n\n\t\t\t\t<div class=\"sow-slide-nav sow-slide-nav-next\">\n\t\t\t\t\t<a href=\"#\" data-goto=\"next\" aria-label=\"diapositiva siguiente\" data-action=\"next\">\n\t\t\t\t\t\t<em class=\"sow-sld-icon-thin-right\"><\/em>\n\t\t\t\t\t<\/a>\n\t\t\t\t<\/div>\n\n\t\t\t\t<div class=\"sow-slide-nav sow-slide-nav-prev\">\n\t\t\t\t\t<a href=\"#\" data-goto=\"previous\" aria-label=\"diapositiva anterior\" data-action=\"prev\">\n\t\t\t\t\t\t<em class=\"sow-sld-icon-thin-left\"><\/em>\n\t\t\t\t\t<\/a>\n\t\t\t\t<\/div>\n\t\t\t\t<\/div><\/div><\/div><\/div><\/div><\/div><\/div><div id=\"pg-567-3\"  class=\"panel-grid panel-has-style\" ><div class=\"siteorigin-panels-stretch panel-row-style panel-row-style-for-567-3\" data-stretch-type=\"full-stretched\" ><div id=\"pgc-567-3-0\"  class=\"panel-grid-cell\" ><div id=\"panel-567-3-0-0\" class=\"so-panel widget widget_sow-hero panel-first-child panel-last-child\" data-index=\"6\" ><div\n\t\t\t\n\t\t\tclass=\"so-widget-sow-hero so-widget-sow-hero-default-1d249ed62106-567 so-widget-fittext-wrapper\"\n\t\t\t data-fit-text-compressor=\"0.85\"\n\t\t>\t\t\t\t<div class=\"sow-slider-base\" style=\"display: none\" tabindex=\"0\">\n\t\t\t\t\t<ul\n\t\t\t\t\tclass=\"sow-slider-images\"\n\t\t\t\t\tdata-settings=\"{&quot;pagination&quot;:true,&quot;speed&quot;:800,&quot;timeout&quot;:8000,&quot;paused&quot;:false,&quot;pause_on_hover&quot;:false,&quot;swipe&quot;:true,&quot;nav_always_show_desktop&quot;:&quot;&quot;,&quot;nav_always_show_mobile&quot;:true,&quot;breakpoint&quot;:&quot;780px&quot;,&quot;unmute&quot;:false,&quot;anchor&quot;:null}\"\n\t\t\t\t\tstyle=\"min-height: 300px\"\t\t\t\t\tdata-anchor-id=\"\"\n\t\t\t\t>\t\t<li class=\"sow-slider-image\" style=\"visibility: visible;\" >\n\t\t\t\t\t<div class=\"sow-slider-image-container\">\n\t\t\t<div class=\"sow-slider-image-wrapper\">\n\t\t\t\t<h2 style=\"text-align: center\"><span style=\"color: #600a8f\"><img loading=\"lazy\" decoding=\"async\" class=\"alignnone wp-image-261 size-large\" src=\"http:\/\/sincroniacom.org\/sincronia\/wp-content\/uploads\/2021\/02\/sombra-1024x110.png\" alt=\"\" width=\"648\" height=\"70\" srcset=\"https:\/\/sincroniacom.org\/sincronia\/wp-content\/uploads\/2021\/02\/sombra-1024x110.png 1024w, https:\/\/sincroniacom.org\/sincronia\/wp-content\/uploads\/2021\/02\/sombra-300x32.png 300w, https:\/\/sincroniacom.org\/sincronia\/wp-content\/uploads\/2021\/02\/sombra-768x83.png 768w, https:\/\/sincroniacom.org\/sincronia\/wp-content\/uploads\/2021\/02\/sombra-1536x165.png 1536w, https:\/\/sincroniacom.org\/sincronia\/wp-content\/uploads\/2021\/02\/sombra.png 2048w\" sizes=\"auto, (max-width: 648px) 100vw, 648px\" \/><\/span><\/h2>\n<p><img loading=\"lazy\" decoding=\"async\" class=\"aligncenter wp-image-1000 size-full\" src=\"http:\/\/sincroniacom.org\/sincronia\/wp-content\/uploads\/2022\/11\/logos-sincronia-Guatemala.png\" alt=\"\" width=\"674\" height=\"105\" srcset=\"https:\/\/sincroniacom.org\/sincronia\/wp-content\/uploads\/2022\/11\/logos-sincronia-Guatemala.png 674w, https:\/\/sincroniacom.org\/sincronia\/wp-content\/uploads\/2022\/11\/logos-sincronia-Guatemala-300x47.png 300w\" sizes=\"auto, (max-width: 674px) 100vw, 674px\" \/><\/p>\n<p style=\"text-align: center\">\n<\/p>\t\t\t<\/div>\n\t\t<\/div>\n\t\t\t\t<\/li>\n\t\t<\/ul>\t\t\t\t<ol class=\"sow-slider-pagination\">\n\t\t\t\t\t\t\t\t\t\t\t<li><a href=\"#\" data-goto=\"0\" aria-label=\"mostrar diapositiva 1\"><\/a><\/li>\n\t\t\t\t\t\t\t\t\t<\/ol>\n\n\t\t\t\t<div class=\"sow-slide-nav sow-slide-nav-next\">\n\t\t\t\t\t<a href=\"#\" data-goto=\"next\" aria-label=\"diapositiva siguiente\" data-action=\"next\">\n\t\t\t\t\t\t<em class=\"sow-sld-icon-thin-right\"><\/em>\n\t\t\t\t\t<\/a>\n\t\t\t\t<\/div>\n\n\t\t\t\t<div class=\"sow-slide-nav sow-slide-nav-prev\">\n\t\t\t\t\t<a href=\"#\" data-goto=\"previous\" aria-label=\"diapositiva anterior\" data-action=\"prev\">\n\t\t\t\t\t\t<em class=\"sow-sld-icon-thin-left\"><\/em>\n\t\t\t\t\t<\/a>\n\t\t\t\t<\/div>\n\t\t\t\t<\/div><\/div><\/div><\/div><\/div><\/div><div id=\"pg-567-4\"  class=\"panel-grid panel-has-style\" ><div class=\"siteorigin-panels-stretch panel-row-style panel-row-style-for-567-4\" data-stretch-type=\"full-stretched\" ><div id=\"pgc-567-4-0\"  class=\"panel-grid-cell\" ><div id=\"panel-567-4-0-0\" class=\"so-panel widget widget_sow-hero panel-first-child panel-last-child\" data-index=\"7\" ><div class=\"panel-widget-style panel-widget-style-for-567-4-0-0\" ><div\n\t\t\t\n\t\t\tclass=\"so-widget-sow-hero so-widget-sow-hero-default-7d262f3b5425-567 so-widget-fittext-wrapper\"\n\t\t\t data-fit-text-compressor=\"0.85\"\n\t\t>\t\t\t\t<div class=\"sow-slider-base\" style=\"display: none\" tabindex=\"0\">\n\t\t\t\t\t<ul\n\t\t\t\t\tclass=\"sow-slider-images\"\n\t\t\t\t\tdata-settings=\"{&quot;pagination&quot;:true,&quot;speed&quot;:800,&quot;timeout&quot;:8000,&quot;paused&quot;:false,&quot;pause_on_hover&quot;:false,&quot;swipe&quot;:true,&quot;nav_always_show_desktop&quot;:&quot;&quot;,&quot;nav_always_show_mobile&quot;:true,&quot;breakpoint&quot;:&quot;780px&quot;,&quot;unmute&quot;:false,&quot;anchor&quot;:null}\"\n\t\t\t\t\tstyle=\"min-height: 600px\"\t\t\t\t\tdata-anchor-id=\"\"\n\t\t\t\t>\t\t<li class=\"sow-slider-image\" style=\"visibility: visible;;background-color: #621b8c\" >\n\t\t\t\t\t<div class=\"sow-slider-image-container\">\n\t\t\t<div class=\"sow-slider-image-wrapper\">\n\t\t\t\t&nbsp;\n\n&nbsp;\n\n&nbsp;\n\n&nbsp;\n\n&nbsp;\n\n&nbsp;\n\n&nbsp;\n\n&nbsp;\n<h2 style=\"text-align: center\">Salud es Desarrollo<\/h2>\n<p style=\"text-align: center\"><em>\u00bfEs posible brindar servicios m\u00e9dicos de calidad a las personas que viven en \u00e1reas de dif\u00edcil acceso en el pa\u00eds? <\/em><\/p>\n<p style=\"text-align: center\"><em>Sincr\u00f3nia ofrece una soluci\u00f3n.<\/em><\/p>\n<p style=\"text-align: center\"><\/p>\t\t\t<\/div>\n\t\t<\/div>\n\t\t\t\t<\/li>\n\t\t<\/ul>\t\t\t\t<ol class=\"sow-slider-pagination\">\n\t\t\t\t\t\t\t\t\t\t\t<li><a href=\"#\" data-goto=\"0\" aria-label=\"mostrar diapositiva 1\"><\/a><\/li>\n\t\t\t\t\t\t\t\t\t<\/ol>\n\n\t\t\t\t<div class=\"sow-slide-nav sow-slide-nav-next\">\n\t\t\t\t\t<a href=\"#\" data-goto=\"next\" aria-label=\"diapositiva siguiente\" data-action=\"next\">\n\t\t\t\t\t\t<em class=\"sow-sld-icon-thin-right\"><\/em>\n\t\t\t\t\t<\/a>\n\t\t\t\t<\/div>\n\n\t\t\t\t<div class=\"sow-slide-nav sow-slide-nav-prev\">\n\t\t\t\t\t<a href=\"#\" data-goto=\"previous\" aria-label=\"diapositiva anterior\" data-action=\"prev\">\n\t\t\t\t\t\t<em class=\"sow-sld-icon-thin-left\"><\/em>\n\t\t\t\t\t<\/a>\n\t\t\t\t<\/div>\n\t\t\t\t<\/div><\/div><\/div><\/div><\/div><\/div><\/div><div id=\"pg-567-5\"  class=\"panel-grid panel-has-style\" ><div class=\"siteorigin-panels-stretch panel-row-style panel-row-style-for-567-5\" data-stretch-type=\"full-stretched\" ><div id=\"pgc-567-5-0\"  class=\"panel-grid-cell\" ><div id=\"panel-567-5-0-0\" class=\"so-panel widget widget_sow-editor panel-first-child panel-last-child\" data-index=\"8\" ><div\n\t\t\t\n\t\t\tclass=\"so-widget-sow-editor so-widget-sow-editor-base\"\n\t\t\t\n\t\t>\n<div class=\"siteorigin-widget-tinymce textwidget\">\n\t<p><iframe loading=\"lazy\" src=\"https:\/\/www.google.com\/maps\/embed?pb=!1m18!1m12!1m3!1d15442.862028735502!2d-90.51506117190043!3d14.615275636688764!2m3!1f0!2f0!3f0!3m2!1i1024!2i768!4f13.1!3m3!1m2!1s0x8589a3cc557510a7%3A0xf8403990c313ce99!2sMinisterio%20de%20Educaci%C3%B3n!5e0!3m2!1ses-419!2sgt!4v1613701039228!5m2!1ses-419!2sgt\" width=\"100%\" height=\"500px\" frameborder=\"0\" style=\"border:0;\" allowfullscreen=\"\" aria-hidden=\"false\" tabindex=\"0\"><\/iframe><\/p>\n<\/div>\n<\/div><\/div><\/div><\/div><\/div><\/div>","protected":false},"excerpt":{"rendered":"<p>&nbsp; &nbsp; &nbsp; &nbsp; &nbsp; &nbsp; NUESTRO TRABAJO Trabajamos de forma conjunta con nuestros socios, respetando su misi\u00f3n y visi\u00f3n, ofreciendo servicios la m\u00e1s alta calidad. Buscar: \u00bfC\u00f3mo trabajamos? En Sincr\u00f3nia trabajamos de forma conjunta con nuestros socios (clientes), respetando su misi\u00f3n y visi\u00f3n, ofreciendo servicios la m\u00e1s alta calidad en planteamientos estrat\u00e9gicos y su [&hellip;]<\/p>\n","protected":false},"author":1,"featured_media":0,"parent":0,"menu_order":0,"comment_status":"closed","ping_status":"closed","template":"","meta":{"footnotes":""},"class_list":["post-567","page","type-page","status-publish","hentry"],"_links":{"self":[{"href":"https:\/\/sincroniacom.org\/sincronia\/wp-json\/wp\/v2\/pages\/567","targetHints":{"allow":["GET"]}}],"collection":[{"href":"https:\/\/sincroniacom.org\/sincronia\/wp-json\/wp\/v2\/pages"}],"about":[{"href":"https:\/\/sincroniacom.org\/sincronia\/wp-json\/wp\/v2\/types\/page"}],"author":[{"embeddable":true,"href":"https:\/\/sincroniacom.org\/sincronia\/wp-json\/wp\/v2\/users\/1"}],"replies":[{"embeddable":true,"href":"https:\/\/sincroniacom.org\/sincronia\/wp-json\/wp\/v2\/comments?post=567"}],"version-history":[{"count":46,"href":"https:\/\/sincroniacom.org\/sincronia\/wp-json\/wp\/v2\/pages\/567\/revisions"}],"predecessor-version":[{"id":1023,"href":"https:\/\/sincroniacom.org\/sincronia\/wp-json\/wp\/v2\/pages\/567\/revisions\/1023"}],"wp:attachment":[{"href":"https:\/\/sincroniacom.org\/sincronia\/wp-json\/wp\/v2\/media?parent=567"}],"curies":[{"name":"wp","href":"https:\/\/api.w.org\/{rel}","templated":true}]}}