{"id":570,"date":"2021-07-15T22:41:22","date_gmt":"2021-07-15T22:41:22","guid":{"rendered":"http:\/\/sincroniacom.org\/sincronia\/?page_id=570"},"modified":"2022-11-03T16:11:38","modified_gmt":"2022-11-03T16:11:38","slug":"socios","status":"publish","type":"page","link":"https:\/\/sincroniacom.org\/sincronia\/socios\/","title":{"rendered":"SOCIOS"},"content":{"rendered":"<div id=\"pl-570\"  class=\"panel-layout\" ><div id=\"pg-570-0\"  class=\"panel-grid panel-has-style\" ><div class=\"siteorigin-panels-stretch panel-row-style panel-row-style-for-570-0\" data-stretch-type=\"full-stretched\" ><div id=\"pgc-570-0-0\"  class=\"panel-grid-cell\" ><div id=\"panel-570-0-0-0\" class=\"so-panel widget widget_sow-hero panel-first-child panel-last-child\" data-index=\"0\" ><div class=\"panel-widget-style panel-widget-style-for-570-0-0-0\" ><div\n\t\t\t\n\t\t\tclass=\"so-widget-sow-hero so-widget-sow-hero-default-7d262f3b5425-570 so-widget-fittext-wrapper\"\n\t\t\t data-fit-text-compressor=\"0.85\"\n\t\t>\t\t\t\t<div class=\"sow-slider-base\" style=\"display: none\" tabindex=\"0\">\n\t\t\t\t\t<ul\n\t\t\t\t\tclass=\"sow-slider-images\"\n\t\t\t\t\tdata-settings=\"{&quot;pagination&quot;:true,&quot;speed&quot;:800,&quot;timeout&quot;:8000,&quot;paused&quot;:false,&quot;pause_on_hover&quot;:false,&quot;swipe&quot;:true,&quot;nav_always_show_desktop&quot;:&quot;&quot;,&quot;nav_always_show_mobile&quot;:true,&quot;breakpoint&quot;:&quot;780px&quot;,&quot;unmute&quot;:false,&quot;anchor&quot;:null}\"\n\t\t\t\t\tstyle=\"min-height: 600px\"\t\t\t\t\tdata-anchor-id=\"\"\n\t\t\t\t>\t\t<li class=\"sow-slider-image\" style=\"visibility: visible;;background-color: #621b8c\" >\n\t\t\t\t\t<div class=\"sow-slider-image-container\">\n\t\t\t<div class=\"sow-slider-image-wrapper\">\n\t\t\t\t<p>&nbsp;<\/p>\n<p>&nbsp;<\/p>\n<p>&nbsp;<\/p>\n<p>&nbsp;<\/p>\n<p>&nbsp;<\/p>\n<p>&nbsp;<\/p>\n<p>&nbsp;<\/p>\n<p>&nbsp;<\/p>\n<h2 style=\"text-align: center\">NUESTROS SOCIOS<\/h2>\n<p style=\"text-align: center\"><em>Sincr\u00f3nia ofrece siempre resultados, productos y servicios de la m\u00e1s alta calidad.<\/em><\/p>\n<p style=\"text-align: center\">\n<\/p>\t\t\t<\/div>\n\t\t<\/div>\n\t\t\t\t<\/li>\n\t\t<\/ul>\t\t\t\t<ol class=\"sow-slider-pagination\">\n\t\t\t\t\t\t\t\t\t\t\t<li><a href=\"#\" data-goto=\"0\" aria-label=\"mostrar diapositiva 1\"><\/a><\/li>\n\t\t\t\t\t\t\t\t\t<\/ol>\n\n\t\t\t\t<div class=\"sow-slide-nav sow-slide-nav-next\">\n\t\t\t\t\t<a href=\"#\" data-goto=\"next\" aria-label=\"diapositiva siguiente\" data-action=\"next\">\n\t\t\t\t\t\t<em class=\"sow-sld-icon-thin-right\"><\/em>\n\t\t\t\t\t<\/a>\n\t\t\t\t<\/div>\n\n\t\t\t\t<div class=\"sow-slide-nav sow-slide-nav-prev\">\n\t\t\t\t\t<a href=\"#\" data-goto=\"previous\" aria-label=\"diapositiva anterior\" data-action=\"prev\">\n\t\t\t\t\t\t<em class=\"sow-sld-icon-thin-left\"><\/em>\n\t\t\t\t\t<\/a>\n\t\t\t\t<\/div>\n\t\t\t\t<\/div><\/div><\/div><\/div><\/div><\/div><\/div><div id=\"pg-570-1\"  class=\"panel-grid panel-has-style\" ><div class=\"siteorigin-panels-stretch panel-row-style panel-row-style-for-570-1\" data-stretch-type=\"full\" ><div id=\"pgc-570-1-0\"  class=\"panel-grid-cell\" ><div id=\"panel-570-1-0-0\" class=\"so-panel widget widget_search panel-first-child panel-last-child\" data-index=\"1\" >\n<form role=\"search\" method=\"get\" class=\"form-search\" action=\"https:\/\/sincroniacom.org\/sincronia\/\">\n  <div class=\"input-group\">\n\t  <label class=\"screen-reader-text\" for=\"s\">Buscar:<\/label>\n\t<input type=\"text\" class=\"form-control search-query\" placeholder=\"Buscar&hellip;\" value=\"\" name=\"s\" title=\"Buscar:\" \/>\n\t<span class=\"input-group-btn\">\n\t  <button type=\"submit\" class=\"btn btn-default\" name=\"submit\" id=\"searchsubmit\" value=\"Buscar\"><span class=\"glyphicon glyphicon-search\"><\/span><\/button>\n\t<\/span>\n  <\/div>\n<\/form>\n<\/div><\/div><div id=\"pgc-570-1-1\"  class=\"panel-grid-cell panel-grid-cell-empty\" ><\/div><div id=\"pgc-570-1-2\"  class=\"panel-grid-cell\" ><div id=\"panel-570-1-2-0\" class=\"so-panel widget widget_sow-social-media-buttons panel-first-child panel-last-child\" data-index=\"2\" ><div\n\t\t\t\n\t\t\tclass=\"so-widget-sow-social-media-buttons so-widget-sow-social-media-buttons-flat-86d4c6e9066a-570\"\n\t\t\t\n\t\t>\n\n<div class=\"social-media-button-container\">\n\t\n\t\t<a \n\t\tclass=\"ow-button-hover sow-social-media-button-facebook-0 sow-social-media-button\" title=\"Sincronia-Guatemala en Facebook\" aria-label=\"Sincronia-Guatemala en Facebook\" target=\"_blank\" rel=\"noopener noreferrer\" href=\"https:\/\/www.facebook.com\/Sincronia-Guatemala-152355891468071\" \t\t>\n\t\t\t<span>\n\t\t\t\t\t\t\t\t<span class=\"sow-icon-fontawesome sow-fab\" data-sow-icon=\"&#xf39e;\"\n\t\t \n\t\taria-hidden=\"true\"><\/span>\t\t\t\t\t\t\t<\/span>\n\t\t<\/a>\n\t\n\t\t<a \n\t\tclass=\"ow-button-hover sow-social-media-button-instagram-0 sow-social-media-button\" title=\"Sincronia-Guatemala en Instagram\" aria-label=\"Sincronia-Guatemala en Instagram\" target=\"_blank\" rel=\"noopener noreferrer\" href=\"https:\/\/instagram.com\/\" \t\t>\n\t\t\t<span>\n\t\t\t\t\t\t\t\t<span class=\"sow-icon-fontawesome sow-fab\" data-sow-icon=\"&#xf16d;\"\n\t\t \n\t\taria-hidden=\"true\"><\/span>\t\t\t\t\t\t\t<\/span>\n\t\t<\/a>\n\t\n\t\t<a \n\t\tclass=\"ow-button-hover sow-social-media-button-phone-0 sow-social-media-button\" title=\"Phone Sincronia-Guatemala\" aria-label=\"Phone Sincronia-Guatemala\" href=\"tel:5645647\" \t\t>\n\t\t\t<span>\n\t\t\t\t\t\t\t\t<span class=\"sow-icon-fontawesome sow-fas\" data-sow-icon=\"&#xf095;\"\n\t\t \n\t\taria-hidden=\"true\"><\/span>\t\t\t\t\t\t\t<\/span>\n\t\t<\/a>\n\t<\/div>\n<\/div><\/div><\/div><\/div><\/div><div id=\"pg-570-2\"  class=\"panel-grid panel-has-style\" ><div class=\"siteorigin-panels-stretch panel-row-style panel-row-style-for-570-2\" data-stretch-type=\"full\" ><div id=\"pgc-570-2-0\"  class=\"panel-grid-cell\" ><div id=\"panel-570-2-0-0\" class=\"so-panel widget widget_sow-hero panel-first-child panel-last-child\" data-index=\"3\" ><div class=\"panel-widget-style panel-widget-style-for-570-2-0-0\" ><div\n\t\t\t\n\t\t\tclass=\"so-widget-sow-hero so-widget-sow-hero-default-03644d693ae0-570 so-widget-fittext-wrapper\"\n\t\t\t data-fit-text-compressor=\"0.85\"\n\t\t>\t\t\t\t<div class=\"sow-slider-base\" style=\"display: none\" tabindex=\"0\">\n\t\t\t\t\t<ul\n\t\t\t\t\tclass=\"sow-slider-images\"\n\t\t\t\t\tdata-settings=\"{&quot;pagination&quot;:true,&quot;speed&quot;:800,&quot;timeout&quot;:8000,&quot;paused&quot;:false,&quot;pause_on_hover&quot;:false,&quot;swipe&quot;:true,&quot;nav_always_show_desktop&quot;:&quot;&quot;,&quot;nav_always_show_mobile&quot;:true,&quot;breakpoint&quot;:&quot;780px&quot;,&quot;unmute&quot;:false,&quot;anchor&quot;:null}\"\n\t\t\t\t\tstyle=\"min-height: 1190px\"\t\t\t\t\tdata-anchor-id=\"\"\n\t\t\t\t>\t\t<li class=\"sow-slider-image\" style=\"visibility: visible;\" >\n\t\t\t\t\t<div class=\"sow-slider-image-container\">\n\t\t\t<div class=\"sow-slider-image-wrapper\">\n\t\t\t\t<p>&nbsp;<\/p>\n<p style=\"text-align: center\"><span style=\"color: #333333\">En Sincr\u00f3nia nos enfocamos en poner a nuestros socios en primer lugar, lo que nos ha permitido alcanzar y superar las metas establecidas en todos y cada uno de los proyectos impulsados de manera conjunta. Esto nos ha merecido la confianza que nos permite enfocarnos en ofrecer siempre resultados, productos y servicios de la m\u00e1s alta calidad.<\/span><\/p>\n<h2 style=\"text-align: center\"><img loading=\"lazy\" decoding=\"async\" class=\"alignnone wp-image-261 size-large\" src=\"http:\/\/sincroniacom.org\/sincronia\/wp-content\/uploads\/2021\/02\/sombra-1024x110.png\" alt=\"\" width=\"648\" height=\"70\" srcset=\"https:\/\/sincroniacom.org\/sincronia\/wp-content\/uploads\/2021\/02\/sombra-1024x110.png 1024w, https:\/\/sincroniacom.org\/sincronia\/wp-content\/uploads\/2021\/02\/sombra-300x32.png 300w, https:\/\/sincroniacom.org\/sincronia\/wp-content\/uploads\/2021\/02\/sombra-768x83.png 768w, https:\/\/sincroniacom.org\/sincronia\/wp-content\/uploads\/2021\/02\/sombra-1536x165.png 1536w, https:\/\/sincroniacom.org\/sincronia\/wp-content\/uploads\/2021\/02\/sombra.png 2048w\" sizes=\"auto, (max-width: 648px) 100vw, 648px\" \/><\/h2>\n<p>&nbsp;<\/p>\n<h1><span style=\"font-weight: 400;color: #800080\">Proyectos con organizaciones gubernamentales<\/span><\/h1>\n<ul>\n<li><span style=\"font-weight: 400;color: #808080\">Universidad de San Carlos de Guatemala -USAC-<\/span><\/li>\n<li><span style=\"font-weight: 400;color: #808080\">Ministerio de Salud P\u00fablica y Asistencia Social -MSPAS-<\/span><\/li>\n<li><span style=\"font-weight: 400;color: #808080\">Ministerio de Agricultura, Ganader\u00eda y Alimentaci\u00f3n de la Rep\u00fablica de Guatemala \u2013 MAGA\u00a0<\/span><\/li>\n<li><span style=\"font-weight: 400;color: #808080\">Ministerio de Gobernaci\u00f3n \u2013 MINGOB -<\/span><\/li>\n<li><span style=\"font-weight: 400;color: #808080\">Ministerio de Ambiente y Recursos Naturales - MARN -<\/span><\/li>\n<li><span style=\"font-weight: 400;color: #808080\">Instituto Nacional de Bosques \u2013 INAB \u2013<\/span><\/li>\n<li><span style=\"font-weight: 400;color: #808080\">Secretar\u00eda Ejecutiva de la Coordinadora Nacional para la Reducci\u00f3n de Desastres - SECONRED\u00a0<\/span><\/li>\n<li><span style=\"font-weight: 400;color: #808080\">Secretar\u00eda de Seguridad Alimentaria y Nutricional \u2013 SESAN -<\/span><\/li>\n<li><span style=\"font-weight: 400;color: #808080\">Secretar\u00eda de la Paz \u2013 SEPAZ -<\/span><\/li>\n<li><span style=\"font-weight: 400;color: #808080\">Secretaria Presidencial de la Mujer \u2013 SEPREM \u2013<\/span><\/li>\n<li><span style=\"font-weight: 400;color: #808080\">Programa Nacional de Resarcimiento \u2013 Comisi\u00f3n de Resarcimiento<\/span><\/li>\n<li><span style=\"font-weight: 400;color: #808080\">Asociaci\u00f3n Nacional de Municipalidades de la Rep\u00fablica de Guatemala \u2013 ANAM-<\/span><\/li>\n<li><span style=\"font-weight: 400;color: #808080\">Comisi\u00f3n Presidencial Coordinadora de la Pol\u00edtica del Ejecutivo en materia de Derechos Humanos \u2013 COPREDEH -<\/span><\/li>\n<li><span style=\"font-weight: 400;color: #808080\">Defensor\u00eda de la Mujer Ind\u00edgena -DEMI-<\/span><\/li>\n<li><span style=\"font-weight: 400;color: #808080\">Programa Lucha Contra las Exclusiones de las Mujeres\u2013 PLCE \u2013<\/span><\/li>\n<li><span style=\"font-weight: 400;color: #808080\">Registro Nacional de las Personas de la Rep\u00fablica de Guatemala -RENAP-<\/span><\/li>\n<li><span style=\"font-weight: 400;color: #808080\">Gobernaci\u00f3n Departamental de Quich\u00e9<\/span><\/li>\n<li><span style=\"font-weight: 400;color: #808080\">Secretar\u00eda de Seguridad Alimentaria y Nutricional \u2013 SESAN -<\/span><\/li>\n<li><span style=\"font-weight: 400;color: #808080\">Secretar\u00eda de la Paz \u2013 SEPAZ -<\/span><\/li>\n<li><span style=\"font-weight: 400;color: #808080\">Secretaria Presidencial de la Mujer \u2013 SEPREM \u2013<\/span><\/li>\n<li><span style=\"font-weight: 400;color: #808080\">Programa Nacional de Resarcimiento \u2013 Comisi\u00f3n de Resarcimiento<\/span><\/li>\n<li><span style=\"font-weight: 400;color: #808080\">Asociaci\u00f3n Nacional de Municipalidades de la Rep\u00fablica de Guatemala \u2013 ANAM-<\/span><\/li>\n<li><span style=\"font-weight: 400;color: #808080\">Comisi\u00f3n Presidencial Coordinadora de la Pol\u00edtica del Ejecutivo en materia de Derechos Humanos \u2013 COPREDEH -<\/span><\/li>\n<li><span style=\"font-weight: 400;color: #808080\">Defensor\u00eda de la Mujer Ind\u00edgena -DEMI-<\/span><\/li>\n<li><span style=\"font-weight: 400;color: #808080\">Programa Lucha Contra las Exclusiones de las Mujeres\u2013 PLCE \u2013<\/span><\/li>\n<li><span style=\"font-weight: 400;color: #808080\">Registro Nacional de las Personas de la Rep\u00fablica de Guatemala -RENAP-<\/span><\/li>\n<li><span style=\"font-weight: 400;color: #808080\">Gobernaci\u00f3n Departamental de Quich\u00e9<\/span><\/li>\n<\/ul>\n<p style=\"text-align: left\">\n<\/p>\t\t\t<\/div>\n\t\t<\/div>\n\t\t\t\t<\/li>\n\t\t<\/ul>\t\t\t\t<ol class=\"sow-slider-pagination\">\n\t\t\t\t\t\t\t\t\t\t\t<li><a href=\"#\" data-goto=\"0\" aria-label=\"mostrar diapositiva 1\"><\/a><\/li>\n\t\t\t\t\t\t\t\t\t<\/ol>\n\n\t\t\t\t<div class=\"sow-slide-nav sow-slide-nav-next\">\n\t\t\t\t\t<a href=\"#\" data-goto=\"next\" aria-label=\"diapositiva siguiente\" data-action=\"next\">\n\t\t\t\t\t\t<em class=\"sow-sld-icon-thin-right\"><\/em>\n\t\t\t\t\t<\/a>\n\t\t\t\t<\/div>\n\n\t\t\t\t<div class=\"sow-slide-nav sow-slide-nav-prev\">\n\t\t\t\t\t<a href=\"#\" data-goto=\"previous\" aria-label=\"diapositiva anterior\" data-action=\"prev\">\n\t\t\t\t\t\t<em class=\"sow-sld-icon-thin-left\"><\/em>\n\t\t\t\t\t<\/a>\n\t\t\t\t<\/div>\n\t\t\t\t<\/div><\/div><\/div><\/div><\/div><\/div><\/div><div id=\"pg-570-3\"  class=\"panel-grid panel-has-style\" ><div class=\"siteorigin-panels-stretch panel-row-style panel-row-style-for-570-3\" data-stretch-type=\"full\" ><div id=\"pgc-570-3-0\"  class=\"panel-grid-cell\" ><div id=\"panel-570-3-0-0\" class=\"so-panel widget widget_sow-hero panel-first-child panel-last-child\" data-index=\"4\" ><div class=\"panel-widget-style panel-widget-style-for-570-3-0-0\" ><div\n\t\t\t\n\t\t\tclass=\"so-widget-sow-hero so-widget-sow-hero-default-5e8aa6f47685-570 so-widget-fittext-wrapper\"\n\t\t\t data-fit-text-compressor=\"0.85\"\n\t\t>\t\t\t\t<div class=\"sow-slider-base\" style=\"display: none\" tabindex=\"0\">\n\t\t\t\t\t<ul\n\t\t\t\t\tclass=\"sow-slider-images\"\n\t\t\t\t\tdata-settings=\"{&quot;pagination&quot;:true,&quot;speed&quot;:800,&quot;timeout&quot;:8000,&quot;paused&quot;:false,&quot;pause_on_hover&quot;:false,&quot;swipe&quot;:true,&quot;nav_always_show_desktop&quot;:&quot;&quot;,&quot;nav_always_show_mobile&quot;:true,&quot;breakpoint&quot;:&quot;780px&quot;,&quot;unmute&quot;:false,&quot;anchor&quot;:null}\"\n\t\t\t\t\tstyle=\"min-height: 2390px\"\t\t\t\t\tdata-anchor-id=\"\"\n\t\t\t\t>\t\t<li class=\"sow-slider-image\" style=\"visibility: visible;\" >\n\t\t\t\t\t<div class=\"sow-slider-image-container\">\n\t\t\t<div class=\"sow-slider-image-wrapper\">\n\t\t\t\t<h1><span style=\"font-weight: 400;color: #800080\">Proyectos con gobiernos municipales<\/span><\/h1>\n<ul>\n<li style=\"font-weight: 400\"><span style=\"font-weight: 400\">Municipalidad de Guatemala<\/span><\/li>\n<li style=\"font-weight: 400\"><span style=\"font-weight: 400\">Municipalidad de Quetzaltenango, Quetzaltenango<\/span><\/li>\n<li style=\"font-weight: 400\"><span style=\"font-weight: 400\">Mancomunidad Metr\u00f3polis de los Altos<\/span><\/li>\n<li style=\"font-weight: 400\"><span style=\"font-weight: 400\">Mancomunidad del Valle de Baja Verapaz<\/span><\/li>\n<li style=\"font-weight: 400\"><span style=\"font-weight: 400\">Municipalidad de Santa Cruz del Quiche<\/span><\/li>\n<li style=\"font-weight: 400\"><span style=\"font-weight: 400\">Municipalidad de Totonicap\u00e1n<\/span><\/li>\n<li style=\"font-weight: 400\"><span style=\"font-weight: 400\">Municipalidad de Chiantla<\/span><\/li>\n<li style=\"font-weight: 400\"><span style=\"font-weight: 400\">Municipalidad de San Jer\u00f3nimo, Baja Verapaz<\/span><\/li>\n<li style=\"font-weight: 400\"><span style=\"font-weight: 400\">Municipalidad de Salam\u00e1, Baja Verapaz<\/span><\/li>\n<li style=\"font-weight: 400\"><span style=\"font-weight: 400\">Municipalidad de Cob\u00e1n, Alta Verapaz<\/span><\/li>\n<li style=\"font-weight: 400\"><span style=\"font-weight: 400\">Entre otras que a trav\u00e9s de proyectos de cooperaci\u00f3n internacional se ha trabajado de manera directa.<\/span><\/li>\n<\/ul>\n<h1><span style=\"font-weight: 400;color: #800080\">Proyectos con organizaciones no gubernamentales y Cooperaci\u00f3n Internacional<\/span><\/h1>\n<ul>\n<li>U.S. Agency for International Development - USAID<\/li>\n<li>Sistema de Naciones Unidas<\/li>\n<li>Save the Children Estados Unidos de Norte Am\u00e9rica<\/li>\n<li>Coordinadora Nacional para la Reducci\u00f3n de Desastres -CONRED-<\/li>\n<li>Save the Children Noruega<\/li>\n<li>Save the Children Guatemala<\/li>\n<li>ACTIONAID<\/li>\n<li>AECID<\/li>\n<li>Fondo de las Naciones Unidas para la Infancia -UNICEF-<\/li>\n<li>Banco Interamericano de Desarrollo \u2013 BID -<\/li>\n<li>Banco Centroamericano de Integraci\u00f3n Econ\u00f3mica -BCIE -<\/li>\n<li>Banco Mundial<\/li>\n<li>Uni\u00f3n Internacional para la Conservaci\u00f3n de la Naturaleza -UICN-<\/li>\n<li>CARE<\/li>\n<li>Catholic Relief Services<\/li>\n<li>Oxfam Great Britain<\/li>\n<li>Mercy Corps<\/li>\n<li>World Vision<\/li>\n<li>Uni\u00f3n Europea<\/li>\n<li>Plan Internacional<\/li>\n<li>Organizaci\u00f3n de las Naciones Unidas para la Educaci\u00f3n, la Ciencia y la Cultura -UNESCO-<\/li>\n<li>Cooperaci\u00f3n T\u00e9cnica Alemana -GTZ-<\/li>\n<li>ECOLOGIC<\/li>\n<li>Fundaci\u00f3n de la Caficultura para el Desarrollo Rural -FUNCAFE-<\/li>\n<li>Asociaci\u00f3n Nacional del Caf\u00e9 \u2013 ANACAFE -<\/li>\n<li>FUNDASISTEMAS<\/li>\n<li>Federaci\u00f3n de Cooperativas Agr\u00edcolas de Guatemala -FEDECOAG-<\/li>\n<li>Federaci\u00f3n de Cooperativas Agr\u00edcolas de Productores de Caf\u00e9 de Guatemala R.L.<br \/>\n-FEDECOCAGUA<\/li>\n<\/ul>\n<h1><span style=\"font-weight: 400;color: #800080\">Convenios de Cooperaci\u00f3n<\/span><\/h1>\n<ul>\n<li><span style=\"color: #808080\">Direcci\u00f3n General de Docencia de la Universidad de San Carlos de Guatemala -USAC-<\/span><\/li>\n<li><span style=\"color: #808080\">Centro Nacional de Informaci\u00f3n e Investigaci\u00f3n en Desarrollo y Desastres -CENACIDE-<\/span><\/li>\n<li><span style=\"color: #808080\">Escuela de Ciencias de la Comunicaci\u00f3n de la Universidad de San Carlos de Guatemala -USAC-<\/span><\/li>\n<li><span style=\"color: #808080\">Secretar\u00eda Ejecutiva de la Coordinadora Nacional para la Reducci\u00f3n de Desastres - SECONRED<\/span><\/li>\n<li><span style=\"color: #808080\">Mancomunidad Mancovalle, Municipio de San Jer\u00f3nimo, Baja Verapaz<\/span><\/li>\n<li><span style=\"color: #808080\">Municipalidad de San Jer\u00f3nimo, Baja Verapaz<\/span><\/li>\n<li><span style=\"color: #808080\">Municipalidad de Quetzaltenango<\/span><\/li>\n<li><span style=\"color: #808080\">ECOLOGIC<\/span><\/li>\n<li><span style=\"color: #808080\">48 Cantones de Totonicap\u00e1n<\/span><\/li>\n<li><span style=\"color: #808080\">Fundaci\u00f3n de la Caficultura para el Desarrollo Rural -FUNCAFE-<\/span><\/li>\n<li><span style=\"color: #808080\">Gobernaci\u00f3n Departamental de Quich\u00e9<\/span><\/li>\n<li><span style=\"color: #808080\">Maya Versatil<\/span><\/li>\n<li><span style=\"color: #808080\">Entre otros<\/span><\/li>\n<\/ul>\n<p>&nbsp;<\/p>\n\t\t\t<\/div>\n\t\t<\/div>\n\t\t\t\t<\/li>\n\t\t<\/ul>\t\t\t\t<ol class=\"sow-slider-pagination\">\n\t\t\t\t\t\t\t\t\t\t\t<li><a href=\"#\" data-goto=\"0\" aria-label=\"mostrar diapositiva 1\"><\/a><\/li>\n\t\t\t\t\t\t\t\t\t<\/ol>\n\n\t\t\t\t<div class=\"sow-slide-nav sow-slide-nav-next\">\n\t\t\t\t\t<a href=\"#\" data-goto=\"next\" aria-label=\"diapositiva siguiente\" data-action=\"next\">\n\t\t\t\t\t\t<em class=\"sow-sld-icon-thin-right\"><\/em>\n\t\t\t\t\t<\/a>\n\t\t\t\t<\/div>\n\n\t\t\t\t<div class=\"sow-slide-nav sow-slide-nav-prev\">\n\t\t\t\t\t<a href=\"#\" data-goto=\"previous\" aria-label=\"diapositiva anterior\" data-action=\"prev\">\n\t\t\t\t\t\t<em class=\"sow-sld-icon-thin-left\"><\/em>\n\t\t\t\t\t<\/a>\n\t\t\t\t<\/div>\n\t\t\t\t<\/div><\/div><\/div><\/div><\/div><\/div><\/div><\/div>","protected":false},"excerpt":{"rendered":"<p>&nbsp; &nbsp; &nbsp; &nbsp; &nbsp; &nbsp; &nbsp; &nbsp; NUESTROS SOCIOS Sincr\u00f3nia ofrece siempre resultados, productos y servicios de la m\u00e1s alta calidad. Buscar: &nbsp; En Sincr\u00f3nia nos enfocamos en poner a nuestros socios en primer lugar, lo que nos ha permitido alcanzar y superar las metas establecidas en todos y cada uno de los proyectos [&hellip;]<\/p>\n","protected":false},"author":1,"featured_media":0,"parent":0,"menu_order":0,"comment_status":"closed","ping_status":"closed","template":"","meta":{"footnotes":""},"class_list":["post-570","page","type-page","status-publish","hentry"],"_links":{"self":[{"href":"https:\/\/sincroniacom.org\/sincronia\/wp-json\/wp\/v2\/pages\/570","targetHints":{"allow":["GET"]}}],"collection":[{"href":"https:\/\/sincroniacom.org\/sincronia\/wp-json\/wp\/v2\/pages"}],"about":[{"href":"https:\/\/sincroniacom.org\/sincronia\/wp-json\/wp\/v2\/types\/page"}],"author":[{"embeddable":true,"href":"https:\/\/sincroniacom.org\/sincronia\/wp-json\/wp\/v2\/users\/1"}],"replies":[{"embeddable":true,"href":"https:\/\/sincroniacom.org\/sincronia\/wp-json\/wp\/v2\/comments?post=570"}],"version-history":[{"count":168,"href":"https:\/\/sincroniacom.org\/sincronia\/wp-json\/wp\/v2\/pages\/570\/revisions"}],"predecessor-version":[{"id":1015,"href":"https:\/\/sincroniacom.org\/sincronia\/wp-json\/wp\/v2\/pages\/570\/revisions\/1015"}],"wp:attachment":[{"href":"https:\/\/sincroniacom.org\/sincronia\/wp-json\/wp\/v2\/media?parent=570"}],"curies":[{"name":"wp","href":"https:\/\/api.w.org\/{rel}","templated":true}]}}